{"id":8288,"date":"2023-06-17T23:57:37","date_gmt":"2023-06-17T23:57:37","guid":{"rendered":"https:\/\/altelca.com\/?page_id=8288"},"modified":"2023-06-18T00:23:13","modified_gmt":"2023-06-18T00:23:13","slug":"web-yazilim","status":"publish","type":"page","link":"https:\/\/altelca.com\/en\/web-development\/","title":{"rendered":"Web Development"},"content":{"rendered":"<div data-elementor-type=\"wp-page\" data-elementor-id=\"8288\" class=\"elementor elementor-8288\">\n\t\t\t\t\t\t<section class=\"elementor-section elementor-top-section elementor-element elementor-element-4e5510d elementor-section-boxed elementor-section-height-default elementor-section-height-default\" data-id=\"4e5510d\" data-element_type=\"section\">\n\t\t\t\t\t\t<div class=\"elementor-container elementor-column-gap-default\">\n\t\t\t\t\t<div class=\"elementor-column elementor-col-100 elementor-top-column elementor-element elementor-element-810903a\" data-id=\"810903a\" data-element_type=\"column\">\n\t\t\t<div class=\"elementor-widget-wrap elementor-element-populated\">\n\t\t\t\t\t\t<div class=\"elementor-element elementor-element-157b0b9 elementor-widget elementor-widget-spacer\" data-id=\"157b0b9\" data-element_type=\"widget\" data-widget_type=\"spacer.default\">\n\t\t\t\t<div class=\"elementor-widget-container\">\n\t\t\t\t\t\t\t<div class=\"elementor-spacer\">\n\t\t\t<div class=\"elementor-spacer-inner\"><\/div>\n\t\t<\/div>\n\t\t\t\t\t\t<\/div>\n\t\t\t\t<\/div>\n\t\t\t\t\t<\/div>\n\t\t<\/div>\n\t\t\t\t\t<\/div>\n\t\t<\/section>\n\t\t\t\t<section class=\"elementor-section elementor-top-section elementor-element elementor-element-3c86a92 elementor-section-boxed elementor-section-height-default elementor-section-height-default\" data-id=\"3c86a92\" data-element_type=\"section\">\n\t\t\t\t\t\t<div class=\"elementor-container elementor-column-gap-default\">\n\t\t\t\t\t<div class=\"elementor-column elementor-col-100 elementor-top-column elementor-element elementor-element-05e87a5\" data-id=\"05e87a5\" data-element_type=\"column\">\n\t\t\t<div class=\"elementor-widget-wrap elementor-element-populated\">\n\t\t\t\t\t\t<div class=\"elementor-element elementor-element-ddfbfe6 elementor-widget elementor-widget-trydo-about\" data-id=\"ddfbfe6\" data-element_type=\"widget\" data-widget_type=\"trydo-about.default\">\n\t\t\t\t<div class=\"elementor-widget-container\">\n\t\t\t\t\t        <!-- Start About Area  -->\n        <div class=\"about-area pb--120 pt--120\">\n            <div class=\"about-wrapper\">\n                <div class=\"container\">\n                    <div class=\"row row--35 align-items-center\">\n                                                <div class=\"col-lg-5 col-md-12\">\n                            <div class=\"thumbnail\">\n                                                                <img fetchpriority=\"high\" decoding=\"async\" width=\"676\" height=\"579\" src=\"https:\/\/altelca.com\/wp-content\/uploads\/2023\/06\/web-development.jpg\" class=\"attachment-full size-full wp-image-8301\" alt=\"\" srcset=\"https:\/\/altelca.com\/wp-content\/uploads\/2023\/06\/web-development.jpg 676w, https:\/\/altelca.com\/wp-content\/uploads\/2023\/06\/web-development-300x257.jpg 300w, https:\/\/altelca.com\/wp-content\/uploads\/2023\/06\/web-development-14x12.jpg 14w\" sizes=\"(max-width: 676px) 100vw, 676px\" \/>                            <\/div>\n                        <\/div>\n                                                <div class=\"col-lg-7 col-md-12\">\n                            <div class=\"about-inner inner\">\n                                <div class=\"section-title text-left\">\n                                                            <h2 class=\"title rbt-section-title\"><span>Web Development<\/span><\/h2>                            <p>Our web software service is actually one of the first steps in digitizing and facilitating your business and most importantly increasing sustainability. First of all, we fully understand your needs, and then we produce a point-to-point web software solution specially for you, taking into account all performance and security.<\/p>\n                                                    <\/div>\n                                <div class=\"row mt--30 mt_sm--10\">\n                                    <div class=\"col-lg-6 col-md-12 col-sm-12 col-12\">\n                                        <div class=\"about-us-list text-left\">\n                                                                                    <\/div>\n                                    <\/div>\n                                    <div class=\"col-lg-6 col-md-12 col-sm-12 col-12\">\n                                        <div class=\"about-us-list text-left\">\n                                                                                    <\/div>\n                                    <\/div>\n                                <\/div>\n                            <\/div>\n                        <\/div>\n                    <\/div>\n                <\/div>\n            <\/div>\n        <\/div>\n        <!-- Start About Area  -->\n        \t\t\t\t<\/div>\n\t\t\t\t<\/div>\n\t\t\t\t\t<\/div>\n\t\t<\/div>\n\t\t\t\t\t<\/div>\n\t\t<\/section>\n\t\t\t\t<section class=\"elementor-section elementor-top-section elementor-element elementor-element-fcf28d6 elementor-section-boxed elementor-section-height-default elementor-section-height-default\" data-id=\"fcf28d6\" data-element_type=\"section\">\n\t\t\t\t\t\t<div class=\"elementor-container elementor-column-gap-default\">\n\t\t\t\t\t<div class=\"elementor-column elementor-col-50 elementor-top-column elementor-element elementor-element-02c0f7a\" data-id=\"02c0f7a\" data-element_type=\"column\">\n\t\t\t<div class=\"elementor-widget-wrap elementor-element-populated\">\n\t\t\t\t\t\t<div class=\"elementor-element elementor-element-5816d55 elementor-widget elementor-widget-trydo-section-title\" data-id=\"5816d55\" data-element_type=\"widget\" data-widget_type=\"trydo-section-title.default\">\n\t\t\t\t<div class=\"elementor-widget-container\">\n\t\t\t\t\t        <div class=\"section-title mb--20 mb_sm--0 text-left\">\n                                    <h2 class=\"title rbt-section-title\"><span>Manifest.<\/span><\/h2>                            <p>\nWe develop every web software project based on these 3 main topics!<\/p>\n                            <\/div>\n        \t\t\t\t<\/div>\n\t\t\t\t<\/div>\n\t\t\t\t\t<\/div>\n\t\t<\/div>\n\t\t\t\t<div class=\"elementor-column elementor-col-50 elementor-top-column elementor-element elementor-element-194a662\" data-id=\"194a662\" data-element_type=\"column\">\n\t\t\t<div class=\"elementor-widget-wrap elementor-element-populated\">\n\t\t\t\t\t\t<div class=\"elementor-element elementor-element-eedb0d1 elementor-widget elementor-widget-trydo-accordion\" data-id=\"eedb0d1\" data-element_type=\"widget\" data-widget_type=\"trydo-accordion.default\">\n\t\t\t\t<div class=\"elementor-widget-container\">\n\t\t\t\t\t        <div class=\"rn-accordion\">\n            <div id=\"accordion-eedb0d1\">\n\n                                    <!-- Start Single Card  -->\n                    <div class=\"rn-card\">\n                        <div class=\"rn-card-header\" id=\"heading-eedb0d1-0\">\n                            <a href=\"#\" class=\"btn collapsed\" data-toggle=\"collapse\" data-target=\"#collapse-eedb0d1-0\" aria-expanded=\"true\" aria-controls=\"collapse-eedb0d1-0\">\n                                Scalable                            <\/a>\n                        <\/div>\n                        <div id=\"collapse-eedb0d1-0\" class=\"collapse show\" aria-labelledby=\"heading-eedb0d1-0\" data-parent=\"#accordion-eedb0d1\">\n                            <div class=\"rn-card-body\">\n                                Always keep your website active with maximum up-time. Our server and software infrastructure is scaled to develop different web software projects of all sizes. We are always with you with our redundant and high-capacity infrastructure.                            <\/div>\n                        <\/div>\n                    <\/div>\n                    <!-- End Single Card  -->\n                                    <!-- Start Single Card  -->\n                    <div class=\"rn-card\">\n                        <div class=\"rn-card-header\" id=\"heading-eedb0d1-1\">\n                            <a href=\"#\" class=\"btn collapsed\" data-toggle=\"collapse\" data-target=\"#collapse-eedb0d1-1\" aria-expanded=\"false\" aria-controls=\"collapse-eedb0d1-1\">\n                                Responsivity                            <\/a>\n                        <\/div>\n                        <div id=\"collapse-eedb0d1-1\" class=\"collapse\" aria-labelledby=\"heading-eedb0d1-1\" data-parent=\"#accordion-eedb0d1\">\n                            <div class=\"rn-card-body\">\n                                We design compatible interfaces for mobile, tablet, computer and even televisions. We provide a convenient user experience regardless of screen size and resolution. We maximize mobile compatibility with flexible management and access infrastructure.                            <\/div>\n                        <\/div>\n                    <\/div>\n                    <!-- End Single Card  -->\n                                    <!-- Start Single Card  -->\n                    <div class=\"rn-card\">\n                        <div class=\"rn-card-header\" id=\"heading-eedb0d1-2\">\n                            <a href=\"#\" class=\"btn collapsed\" data-toggle=\"collapse\" data-target=\"#collapse-eedb0d1-2\" aria-expanded=\"false\" aria-controls=\"collapse-eedb0d1-2\">\n                                Robust and Security                            <\/a>\n                        <\/div>\n                        <div id=\"collapse-eedb0d1-2\" class=\"collapse\" aria-labelledby=\"heading-eedb0d1-2\" data-parent=\"#accordion-eedb0d1\">\n                            <div class=\"rn-card-body\">\n                                You can have a 100% manageable, minimalist web software. Our technical team is always with you for your questions and project security. We take your opinion in all processes and reach the most accurate result together.                            <\/div>\n                        <\/div>\n                    <\/div>\n                    <!-- End Single Card  -->\n                \n            <\/div>\n        <\/div>\n        \t\t\t\t<\/div>\n\t\t\t\t<\/div>\n\t\t\t\t\t<\/div>\n\t\t<\/div>\n\t\t\t\t\t<\/div>\n\t\t<\/section>\n\t\t\t\t<section class=\"elementor-section elementor-top-section elementor-element elementor-element-6564155 elementor-section-boxed elementor-section-height-default elementor-section-height-default\" data-id=\"6564155\" data-element_type=\"section\">\n\t\t\t\t\t\t<div class=\"elementor-container elementor-column-gap-default\">\n\t\t\t\t\t<div class=\"elementor-column elementor-col-100 elementor-top-column elementor-element elementor-element-4b2ed8f\" data-id=\"4b2ed8f\" data-element_type=\"column\">\n\t\t\t<div class=\"elementor-widget-wrap elementor-element-populated\">\n\t\t\t\t\t\t<div class=\"elementor-element elementor-element-4d3159b elementor-widget elementor-widget-spacer\" data-id=\"4d3159b\" data-element_type=\"widget\" data-widget_type=\"spacer.default\">\n\t\t\t\t<div class=\"elementor-widget-container\">\n\t\t\t\t\t\t\t<div class=\"elementor-spacer\">\n\t\t\t<div class=\"elementor-spacer-inner\"><\/div>\n\t\t<\/div>\n\t\t\t\t\t\t<\/div>\n\t\t\t\t<\/div>\n\t\t\t\t\t<\/div>\n\t\t<\/div>\n\t\t\t\t\t<\/div>\n\t\t<\/section>\n\t\t\t\t<section class=\"elementor-section elementor-top-section elementor-element elementor-element-b6d2034 elementor-section-boxed elementor-section-height-default elementor-section-height-default\" data-id=\"b6d2034\" data-element_type=\"section\">\n\t\t\t\t\t\t<div class=\"elementor-container elementor-column-gap-default\">\n\t\t\t\t\t<div class=\"elementor-column elementor-col-100 elementor-top-column elementor-element elementor-element-64ba213\" data-id=\"64ba213\" data-element_type=\"column\">\n\t\t\t<div class=\"elementor-widget-wrap elementor-element-populated\">\n\t\t\t\t\t\t<div class=\"elementor-element elementor-element-84a6cd0 elementor-widget elementor-widget-image\" data-id=\"84a6cd0\" data-element_type=\"widget\" data-widget_type=\"image.default\">\n\t\t\t\t<div class=\"elementor-widget-container\">\n\t\t\t\t\t\t\t\t\t\t\t\t\t\t\t<img decoding=\"async\" width=\"1500\" height=\"300\" src=\"https:\/\/altelca.com\/wp-content\/uploads\/2023\/06\/gelistirme-surec.png\" class=\"attachment-full size-full wp-image-8317\" alt=\"\" srcset=\"https:\/\/altelca.com\/wp-content\/uploads\/2023\/06\/gelistirme-surec.png 1500w, https:\/\/altelca.com\/wp-content\/uploads\/2023\/06\/gelistirme-surec-300x60.png 300w, https:\/\/altelca.com\/wp-content\/uploads\/2023\/06\/gelistirme-surec-1024x205.png 1024w, https:\/\/altelca.com\/wp-content\/uploads\/2023\/06\/gelistirme-surec-768x154.png 768w, https:\/\/altelca.com\/wp-content\/uploads\/2023\/06\/gelistirme-surec-18x4.png 18w\" sizes=\"(max-width: 1500px) 100vw, 1500px\" \/>\t\t\t\t\t\t\t\t\t\t\t\t\t\t\t<\/div>\n\t\t\t\t<\/div>\n\t\t\t\t\t<\/div>\n\t\t<\/div>\n\t\t\t\t\t<\/div>\n\t\t<\/section>\n\t\t\t\t<section class=\"elementor-section elementor-top-section elementor-element elementor-element-9763029 elementor-section-boxed elementor-section-height-default elementor-section-height-default\" data-id=\"9763029\" data-element_type=\"section\">\n\t\t\t\t\t\t<div class=\"elementor-container elementor-column-gap-default\">\n\t\t\t\t\t<div class=\"elementor-column elementor-col-100 elementor-top-column elementor-element elementor-element-61f12b6\" data-id=\"61f12b6\" data-element_type=\"column\">\n\t\t\t<div class=\"elementor-widget-wrap elementor-element-populated\">\n\t\t\t\t\t\t<div class=\"elementor-element elementor-element-e7b9162 elementor-widget elementor-widget-spacer\" data-id=\"e7b9162\" data-element_type=\"widget\" data-widget_type=\"spacer.default\">\n\t\t\t\t<div class=\"elementor-widget-container\">\n\t\t\t\t\t\t\t<div class=\"elementor-spacer\">\n\t\t\t<div class=\"elementor-spacer-inner\"><\/div>\n\t\t<\/div>\n\t\t\t\t\t\t<\/div>\n\t\t\t\t<\/div>\n\t\t\t\t\t<\/div>\n\t\t<\/div>\n\t\t\t\t\t<\/div>\n\t\t<\/section>\n\t\t\t\t<section class=\"elementor-section elementor-top-section elementor-element elementor-element-a546b02 elementor-section-full_width elementor-section-height-default elementor-section-height-default\" data-id=\"a546b02\" data-element_type=\"section\">\n\t\t\t\t\t\t<div class=\"elementor-container elementor-column-gap-no\">\n\t\t\t\t\t<div class=\"elementor-column elementor-col-100 elementor-top-column elementor-element elementor-element-128edc7\" data-id=\"128edc7\" data-element_type=\"column\">\n\t\t\t<div class=\"elementor-widget-wrap elementor-element-populated\">\n\t\t\t\t\t\t<div class=\"elementor-element elementor-element-33b80c9 elementor-widget elementor-widget-trydo-contact\" data-id=\"33b80c9\" data-element_type=\"widget\" data-widget_type=\"trydo-contact.default\">\n\t\t\t\t<div class=\"elementor-widget-container\">\n\t\t\t\t\t        <!-- Start Contact Area  -->\n        <div class=\"rn-contact-area rn-section-gap bg_color--5\">\n            <div class=\"contact-form--1\">\n                <div class=\"container\">\n                    <div class=\"row row--35 align-items-start\">\n                        <div class=\"col-lg-6 order-2 order-lg-1\">\n                            <div class=\"section-title text-left mb--50 mb_sm--30 mb_md--30\">\n                                                        <h2 class=\"title rbt-section-title\"><span>Get in Touch<\/span><\/h2>                            <p>Let's get your next project up and running quickly.<\/p>\n                                                <\/div>\n\n                            <!-- Start Contact Form -->\n                             <div class=\"form-wrapper\"> \n<div class=\"wpcf7 no-js\" id=\"wpcf7-f212-o1\" lang=\"en-US\" dir=\"ltr\" data-wpcf7-id=\"212\">\n<div class=\"screen-reader-response\"><p role=\"status\" aria-live=\"polite\" aria-atomic=\"true\"><\/p> <ul><\/ul><\/div>\n<form action=\"\/en\/wp-json\/wp\/v2\/pages\/8288#wpcf7-f212-o1\" method=\"post\" class=\"wpcf7-form init\" aria-label=\"Contact form\" novalidate=\"novalidate\" data-status=\"init\" data-trp-original-action=\"\/en\/wp-json\/wp\/v2\/pages\/8288#wpcf7-f212-o1\">\n<fieldset class=\"hidden-fields-container\"><input type=\"hidden\" name=\"_wpcf7\" value=\"212\" \/><input type=\"hidden\" name=\"_wpcf7_version\" value=\"6.1.3\" \/><input type=\"hidden\" name=\"_wpcf7_locale\" value=\"en_US\" \/><input type=\"hidden\" name=\"_wpcf7_unit_tag\" value=\"wpcf7-f212-o1\" \/><input type=\"hidden\" name=\"_wpcf7_container_post\" value=\"0\" \/><input type=\"hidden\" name=\"_wpcf7_posted_data_hash\" value=\"\" \/><input type=\"hidden\" name=\"_wpcf7_recaptcha_response\" value=\"\" \/>\n<\/fieldset>\n<label>\n<span class=\"wpcf7-form-control-wrap\" data-name=\"your-name\"><input size=\"40\" maxlength=\"400\" class=\"wpcf7-form-control wpcf7-text wpcf7-validates-as-required\" aria-required=\"true\" aria-invalid=\"false\" placeholder=\"Name *\" value=\"\" type=\"text\" name=\"your-name\" \/><\/span>\n<\/label>\n\n<label>\n<span class=\"wpcf7-form-control-wrap\" data-name=\"your-email\"><input size=\"40\" maxlength=\"400\" class=\"wpcf7-form-control wpcf7-email wpcf7-validates-as-required wpcf7-text wpcf7-validates-as-email\" aria-required=\"true\" aria-invalid=\"false\" placeholder=\"E-Mail *\" value=\"\" type=\"email\" name=\"your-email\" \/><\/span>\n<\/label>\n\n<label>\n<span class=\"wpcf7-form-control-wrap\" data-name=\"your-subject\"><input size=\"40\" maxlength=\"400\" class=\"wpcf7-form-control wpcf7-text\" aria-invalid=\"false\" placeholder=\"Subject\" value=\"\" type=\"text\" name=\"your-subject\" \/><\/span>\n<\/label>\n<label>\n<span class=\"wpcf7-form-control-wrap\" data-name=\"your-message\"><textarea cols=\"40\" rows=\"10\" maxlength=\"2000\" class=\"wpcf7-form-control wpcf7-textarea\" aria-invalid=\"false\" placeholder=\"Message\" name=\"your-message\"><\/textarea><\/span>\n<\/label>\n<button type=\"submit\" class=\"rn-button-style--2 btn_solid\"> <span>SEND<\/span> <\/button><div class=\"wpcf7-response-output\" aria-hidden=\"true\"><\/div>\n<input type=\"hidden\" name=\"trp-form-language\" value=\"en\"\/><\/form>\n<\/div>\n <\/div>                         <\/div>\n\n                                                    <div class=\"col-lg-6 order-1 order-lg-2\">\n                                                                    <div class=\"thumbnail mb_md--40 mb_sm--40\">\n                                        <img decoding=\"async\" width=\"800\" height=\"845\" src=\"https:\/\/altelca.com\/wp-content\/uploads\/2020\/08\/about-6.jpg\" class=\"elementor-animation-disable-animation attachment-full size-full wp-image-210\" alt=\"about-6\" srcset=\"https:\/\/altelca.com\/wp-content\/uploads\/2020\/08\/about-6.jpg 800w, https:\/\/altelca.com\/wp-content\/uploads\/2020\/08\/about-6-284x300.jpg 284w, https:\/\/altelca.com\/wp-content\/uploads\/2020\/08\/about-6-768x811.jpg 768w\" sizes=\"(max-width: 800px) 100vw, 800px\" \/>                                    <\/div>\n                                                            <\/div>\n                        \n                    <\/div>\n                <\/div>\n            <\/div>\n        <\/div>\n        <!-- End Contact Area  -->\n        \t\t\t\t<\/div>\n\t\t\t\t<\/div>\n\t\t\t\t\t<\/div>\n\t\t<\/div>\n\t\t\t\t\t<\/div>\n\t\t<\/section>\n\t\t\t\t<\/div>","protected":false},"excerpt":{"rendered":"<p>Web Geli\u015ftirme Web yaz\u0131l\u0131m hizmetimiz asl\u0131nda i\u015finizi dijitalle\u015ftirmenin, kolayla\u015ft\u0131rman\u0131n ve en \u00f6nemlisi s\u00fcrd\u00fcr\u00fclebilirli\u011fin art\u0131r\u0131lmas\u0131ndaki ilk ad\u0131mlardan biridir. \u00d6ncelikle tam olarak ihtiyac\u0131n\u0131z\u0131 anlar devam\u0131nda t\u00fcm performans ve g\u00fcvenlik gibi durumlar\u0131 g\u00f6z \u00f6n\u00fcne alarak nokta at\u0131\u015f\u0131 bir web yaz\u0131l\u0131m \u00e7\u00f6z\u00fcm\u00fcn\u00fc size \u00f6zel olarak \u00fcretiriz. Manifestomuz. Her web yaz\u0131l\u0131m projesini bu 3 ana ba\u015fl\u0131\u011f\u0131 temel alarak geli\u015ftiriyoruz! \u00d6l\u00e7eklendirilebilir [&hellip;]<\/p>","protected":false},"author":1,"featured_media":0,"parent":0,"menu_order":0,"comment_status":"closed","ping_status":"closed","template":"elementor_header_footer","meta":{"footnotes":""},"class_list":["post-8288","page","type-page","status-publish","hentry"],"acf":[],"_links":{"self":[{"href":"https:\/\/altelca.com\/en\/wp-json\/wp\/v2\/pages\/8288","targetHints":{"allow":["GET"]}}],"collection":[{"href":"https:\/\/altelca.com\/en\/wp-json\/wp\/v2\/pages"}],"about":[{"href":"https:\/\/altelca.com\/en\/wp-json\/wp\/v2\/types\/page"}],"author":[{"embeddable":true,"href":"https:\/\/altelca.com\/en\/wp-json\/wp\/v2\/users\/1"}],"replies":[{"embeddable":true,"href":"https:\/\/altelca.com\/en\/wp-json\/wp\/v2\/comments?post=8288"}],"version-history":[{"count":29,"href":"https:\/\/altelca.com\/en\/wp-json\/wp\/v2\/pages\/8288\/revisions"}],"predecessor-version":[{"id":8330,"href":"https:\/\/altelca.com\/en\/wp-json\/wp\/v2\/pages\/8288\/revisions\/8330"}],"wp:attachment":[{"href":"https:\/\/altelca.com\/en\/wp-json\/wp\/v2\/media?parent=8288"}],"curies":[{"name":"wp","href":"https:\/\/api.w.org\/{rel}","templated":true}]}}