{"id":8294,"date":"2023-06-18T00:00:33","date_gmt":"2023-06-18T00:00:33","guid":{"rendered":"https:\/\/altelca.com\/?page_id=8294"},"modified":"2025-04-23T22:26:58","modified_gmt":"2025-04-23T22:26:58","slug":"iletisim","status":"publish","type":"page","link":"https:\/\/altelca.com\/en\/contact\/","title":{"rendered":"Contact"},"content":{"rendered":"<div data-elementor-type=\"wp-page\" data-elementor-id=\"8294\" class=\"elementor elementor-8294\">\n\t\t\t\t\t\t<section class=\"elementor-section elementor-top-section elementor-element elementor-element-e0c8280 elementor-section-full_width elementor-section-height-default elementor-section-height-default\" data-id=\"e0c8280\" data-element_type=\"section\">\n\t\t\t\t\t\t<div class=\"elementor-container elementor-column-gap-no\">\n\t\t\t\t\t<div class=\"elementor-column elementor-col-100 elementor-top-column elementor-element elementor-element-82bc08d\" data-id=\"82bc08d\" data-element_type=\"column\">\n\t\t\t<div class=\"elementor-widget-wrap elementor-element-populated\">\n\t\t\t\t\t\t<div class=\"elementor-element elementor-element-bf6effb contact-us-today elementor-widget elementor-widget-trydo-main-services\" data-id=\"bf6effb\" data-element_type=\"widget\" data-widget_type=\"trydo-main-services.default\">\n\t\t\t\t<div class=\"elementor-widget-container\">\n\t\t\t\t\t        <!-- Start Service Area  -->\n        <div class=\"rn-service-area rn-section-gap bg_color--1 service-area--5\">\n            <div class=\"container\">\n                                    <div class=\"row\">\n                        <div class=\"col-lg-12 mb--20 mb_sm--0\">\n                            <div class=\"section-title section-title--2 text-center\">\n                                                            <span class=\"sub-title\">How can we help you?<\/span>\n                        <h3 class=\"title rbt-section-title\"><span>Get in Touch<\/span><\/h3>                            <p>Do not hesitate to contact us, we will always be happy to assist you.<\/p>\n                    \n                                                            <\/div>\n                        <\/div>\n                    <\/div>\n                                                    <div class=\"row\">\n                                                    <div class=\"service-item mt--30 col-lg-4 col-md-4 col-sm-6 col-12 elementor-repeater-item-ce062f3\">\n                                                                <div class=\"single-service service__style--5 bg-color-gray\">\n\n                                                                    <div class=\"service\">\n                                                                                                                                    <div class=\"icon\">\n                                                    <i aria-hidden=\"true\" class=\"rbt feather-home\"><\/i>                                                <\/div>\n                                                                                                                                                                        <div class=\"content\">\n                                                                                                    <h3 class=\"title\">Headquarter<\/h3>                                                                                                                                                    <p><a href=\"tel:+90 507 372 6497\"><b>Telefon:<\/b> +90 507 372 6497<\/a>\n<a href=\"mailto:info@altelca.com\"><b>E-Posta:<\/b> info@altelca.com<\/a>\n<a href=\"#\"><b>Adres:<\/b> \u0130stanbul K\u00fclt\u00fcr \u00dcniversitesi Atak\u00f6y Yerle\u015fkesi Teknopark, 34158 Bak\u0131rk\u00f6y\/\u0130stanbul<\/a><\/p>\n                                                \n\n\n                                            <\/div>\n                                                                            <\/div>\n                                                            <\/div>\n                            <\/div>\n                                                    <div class=\"service-item mt--30 col-lg-4 col-md-4 col-sm-6 col-12 elementor-repeater-item-eee58ae\">\n                                                                <div class=\"single-service service__style--5 bg-color-gray\">\n\n                                                                    <div class=\"service\">\n                                                                                                                                    <div class=\"icon\">\n                                                    <i aria-hidden=\"true\" class=\"rbt feather-globe\"><\/i>                                                <\/div>\n                                                                                                                                                                        <div class=\"content\">\n                                                                                                    <h3 class=\"title\">UK Office<\/h3>                                                                                                                                                    <p><a href=\"tel:+90 507 372 6497\"><b>Telefon: :<\/b>+90 507 372 6497<\/a>\n<a href=\"mailto:info@altelca.com\"><b>E-Posta::<\/b> info@altelca.com<\/a>\n<a href=\"#\"><b>Adres::<\/b> 71-75 Shelton St, London WC2H 9JQ, Birle\u015fik Krall\u0131k<\/a>\n<br><\/p>\n                                                \n\n\n                                            <\/div>\n                                                                            <\/div>\n                                                            <\/div>\n                            <\/div>\n                                                    <div class=\"service-item mt--30 col-lg-4 col-md-4 col-sm-6 col-12 elementor-repeater-item-5cb8b74\">\n                                                                <div class=\"single-service service__style--5 bg-color-gray\">\n\n                                                                    <div class=\"service\">\n                                                                                                                                    <div class=\"icon\">\n                                                    <i aria-hidden=\"true\" class=\"rbt feather-globe\"><\/i>                                                <\/div>\n                                                                                                                                                                        <div class=\"content\">\n                                                                                                    <h3 class=\"title\">Amerika Ofis<\/h3>                                                                                                                                                    <p><a href=\"tel:+90 507 372 6497\"><b>Telefon::<\/b> +90 507 372 6497<\/a>\n<a href=\"mailto:info@altelca.com\"><b>E-Posta::<\/b> info@altelca.com<\/a>\n<a href=\"#\"><b>Adres:<\/b> 8 The Green Suite A Dover 19901 DE Amerika Birle\u015fik Devletleri<\/a>\n<br><\/p>\n                                                \n\n\n                                            <\/div>\n                                                                            <\/div>\n                                                            <\/div>\n                            <\/div>\n                                            <\/div>\n                            <\/div>\n        <\/div>\n        <!-- Start Service Area  -->\n        \t\t\t\t<\/div>\n\t\t\t\t<\/div>\n\t\t\t\t\t<\/div>\n\t\t<\/div>\n\t\t\t\t\t<\/div>\n\t\t<\/section>\n\t\t\t\t<section class=\"elementor-section elementor-top-section elementor-element elementor-element-2c4983c elementor-section-full_width elementor-section-height-default elementor-section-height-default\" data-id=\"2c4983c\" data-element_type=\"section\">\n\t\t\t\t\t\t<div class=\"elementor-container elementor-column-gap-no\">\n\t\t\t\t\t<div class=\"elementor-column elementor-col-100 elementor-top-column elementor-element elementor-element-90a8a39\" data-id=\"90a8a39\" data-element_type=\"column\">\n\t\t\t<div class=\"elementor-widget-wrap elementor-element-populated\">\n\t\t\t\t\t\t<div class=\"elementor-element elementor-element-30ddfd1 elementor-widget elementor-widget-trydo-contact\" data-id=\"30ddfd1\" data-element_type=\"widget\" data-widget_type=\"trydo-contact.default\">\n\t\t\t\t<div class=\"elementor-widget-container\">\n\t\t\t\t\t        <!-- Start Contact Area  -->\n        <div class=\"rn-contact-area rn-section-gap bg_color--5\">\n            <div class=\"contact-form--1\">\n                <div class=\"container\">\n                    <div class=\"row row--35 align-items-start\">\n                        <div class=\"col-lg-6 order-2 order-lg-1\">\n                            <div class=\"section-title text-left mb--50 mb_sm--30 mb_md--30\">\n                                                        <h2 class=\"title rbt-section-title\"><span>Contact Form<\/span><\/h2>                            <p>You can contact us for all your requests via the contact form.<\/p>\n                                                <\/div>\n\n                            <!-- Start Contact Form -->\n                             <div class=\"form-wrapper\"> \n<div class=\"wpcf7 no-js\" id=\"wpcf7-f212-o1\" lang=\"en-US\" dir=\"ltr\" data-wpcf7-id=\"212\">\n<div class=\"screen-reader-response\"><p role=\"status\" aria-live=\"polite\" aria-atomic=\"true\"><\/p> <ul><\/ul><\/div>\n<form action=\"\/en\/wp-json\/wp\/v2\/pages\/8294#wpcf7-f212-o1\" method=\"post\" class=\"wpcf7-form init\" aria-label=\"Contact form\" novalidate=\"novalidate\" data-status=\"init\" data-trp-original-action=\"\/en\/wp-json\/wp\/v2\/pages\/8294#wpcf7-f212-o1\">\n<fieldset class=\"hidden-fields-container\"><input type=\"hidden\" name=\"_wpcf7\" value=\"212\" \/><input type=\"hidden\" name=\"_wpcf7_version\" value=\"6.1.3\" \/><input type=\"hidden\" name=\"_wpcf7_locale\" value=\"en_US\" \/><input type=\"hidden\" name=\"_wpcf7_unit_tag\" value=\"wpcf7-f212-o1\" \/><input type=\"hidden\" name=\"_wpcf7_container_post\" value=\"0\" \/><input type=\"hidden\" name=\"_wpcf7_posted_data_hash\" value=\"\" \/><input type=\"hidden\" name=\"_wpcf7_recaptcha_response\" value=\"\" \/>\n<\/fieldset>\n<label>\n<span class=\"wpcf7-form-control-wrap\" data-name=\"your-name\"><input size=\"40\" maxlength=\"400\" class=\"wpcf7-form-control wpcf7-text wpcf7-validates-as-required\" aria-required=\"true\" aria-invalid=\"false\" placeholder=\"Name *\" value=\"\" type=\"text\" name=\"your-name\" \/><\/span>\n<\/label>\n\n<label>\n<span class=\"wpcf7-form-control-wrap\" data-name=\"your-email\"><input size=\"40\" maxlength=\"400\" class=\"wpcf7-form-control wpcf7-email wpcf7-validates-as-required wpcf7-text wpcf7-validates-as-email\" aria-required=\"true\" aria-invalid=\"false\" placeholder=\"E-Mail *\" value=\"\" type=\"email\" name=\"your-email\" \/><\/span>\n<\/label>\n\n<label>\n<span class=\"wpcf7-form-control-wrap\" data-name=\"your-subject\"><input size=\"40\" maxlength=\"400\" class=\"wpcf7-form-control wpcf7-text\" aria-invalid=\"false\" placeholder=\"Subject\" value=\"\" type=\"text\" name=\"your-subject\" \/><\/span>\n<\/label>\n<label>\n<span class=\"wpcf7-form-control-wrap\" data-name=\"your-message\"><textarea cols=\"40\" rows=\"10\" maxlength=\"2000\" class=\"wpcf7-form-control wpcf7-textarea\" aria-invalid=\"false\" placeholder=\"Message\" name=\"your-message\"><\/textarea><\/span>\n<\/label>\n<button type=\"submit\" class=\"rn-button-style--2 btn_solid\"> <span>SEND<\/span> <\/button><div class=\"wpcf7-response-output\" aria-hidden=\"true\"><\/div>\n<input type=\"hidden\" name=\"trp-form-language\" value=\"en\"\/><\/form>\n<\/div>\n <\/div>                         <\/div>\n\n                                                    <div class=\"col-lg-6 order-1 order-lg-2\">\n                                                                    <div class=\"thumbnail mb_md--40 mb_sm--40\">\n                                        <img fetchpriority=\"high\" decoding=\"async\" width=\"800\" height=\"845\" src=\"https:\/\/altelca.com\/wp-content\/uploads\/2020\/08\/about-6.jpg\" class=\"elementor-animation-disable-animation attachment-full size-full wp-image-210\" alt=\"about-6\" srcset=\"https:\/\/altelca.com\/wp-content\/uploads\/2020\/08\/about-6.jpg 800w, https:\/\/altelca.com\/wp-content\/uploads\/2020\/08\/about-6-284x300.jpg 284w, https:\/\/altelca.com\/wp-content\/uploads\/2020\/08\/about-6-768x811.jpg 768w\" sizes=\"(max-width: 800px) 100vw, 800px\" \/>                                    <\/div>\n                                                            <\/div>\n                        \n                    <\/div>\n                <\/div>\n            <\/div>\n        <\/div>\n        <!-- End Contact Area  -->\n        \t\t\t\t<\/div>\n\t\t\t\t<\/div>\n\t\t\t\t\t<\/div>\n\t\t<\/div>\n\t\t\t\t\t<\/div>\n\t\t<\/section>\n\t\t\t\t<\/div>","protected":false},"excerpt":{"rendered":"<p>Size Nas\u0131l Yard\u0131mc\u0131 Olabiliriz? \u0130leti\u015fime Ge\u00e7 Bizimle ileti\u015fime ge\u00e7mekten \u00e7ekinmeyin, size yard\u0131mc\u0131 olmaktan her zaman memnuniyet duyaca\u011f\u0131z. Merkez Ofis Telefon: +90 507 372 6497 E-Posta: info@altelca.com Adres: \u0130stanbul K\u00fclt\u00fcr \u00dcniversitesi Atak\u00f6y Yerle\u015fkesi Teknopark, 34158 Bak\u0131rk\u00f6y\/\u0130stanbul \u0130ngiltere Ofis Telefon: :+90 507 372 6497 E-Posta:: info@altelca.com Adres:: 71-75 Shelton St, London WC2H 9JQ, Birle\u015fik Krall\u0131k Amerika Ofis [&hellip;]<\/p>","protected":false},"author":1,"featured_media":0,"parent":0,"menu_order":0,"comment_status":"closed","ping_status":"closed","template":"elementor_header_footer","meta":{"footnotes":""},"class_list":["post-8294","page","type-page","status-publish","hentry"],"acf":[],"_links":{"self":[{"href":"https:\/\/altelca.com\/en\/wp-json\/wp\/v2\/pages\/8294","targetHints":{"allow":["GET"]}}],"collection":[{"href":"https:\/\/altelca.com\/en\/wp-json\/wp\/v2\/pages"}],"about":[{"href":"https:\/\/altelca.com\/en\/wp-json\/wp\/v2\/types\/page"}],"author":[{"embeddable":true,"href":"https:\/\/altelca.com\/en\/wp-json\/wp\/v2\/users\/1"}],"replies":[{"embeddable":true,"href":"https:\/\/altelca.com\/en\/wp-json\/wp\/v2\/comments?post=8294"}],"version-history":[{"count":19,"href":"https:\/\/altelca.com\/en\/wp-json\/wp\/v2\/pages\/8294\/revisions"}],"predecessor-version":[{"id":8531,"href":"https:\/\/altelca.com\/en\/wp-json\/wp\/v2\/pages\/8294\/revisions\/8531"}],"wp:attachment":[{"href":"https:\/\/altelca.com\/en\/wp-json\/wp\/v2\/media?parent=8294"}],"curies":[{"name":"wp","href":"https:\/\/api.w.org\/{rel}","templated":true}]}}