{"id":8331,"date":"2023-06-18T00:25:43","date_gmt":"2023-06-18T00:25:43","guid":{"rendered":"https:\/\/altelca.com\/?page_id=8331"},"modified":"2023-06-18T00:41:22","modified_gmt":"2023-06-18T00:41:22","slug":"web-tasarim","status":"publish","type":"page","link":"https:\/\/altelca.com\/en\/web-design\/","title":{"rendered":"Web Design"},"content":{"rendered":"<div data-elementor-type=\"wp-page\" data-elementor-id=\"8331\" class=\"elementor elementor-8331\">\n\t\t\t\t\t\t<section class=\"elementor-section elementor-top-section elementor-element elementor-element-d78cc8c elementor-section-boxed elementor-section-height-default elementor-section-height-default\" data-id=\"d78cc8c\" data-element_type=\"section\">\n\t\t\t\t\t\t<div class=\"elementor-container elementor-column-gap-default\">\n\t\t\t\t\t<div class=\"elementor-column elementor-col-100 elementor-top-column elementor-element elementor-element-d7fe842\" data-id=\"d7fe842\" data-element_type=\"column\">\n\t\t\t<div class=\"elementor-widget-wrap elementor-element-populated\">\n\t\t\t\t\t\t<div class=\"elementor-element elementor-element-80f2dc5 elementor-widget elementor-widget-spacer\" data-id=\"80f2dc5\" data-element_type=\"widget\" data-widget_type=\"spacer.default\">\n\t\t\t\t<div class=\"elementor-widget-container\">\n\t\t\t\t\t\t\t<div class=\"elementor-spacer\">\n\t\t\t<div class=\"elementor-spacer-inner\"><\/div>\n\t\t<\/div>\n\t\t\t\t\t\t<\/div>\n\t\t\t\t<\/div>\n\t\t\t\t\t<\/div>\n\t\t<\/div>\n\t\t\t\t\t<\/div>\n\t\t<\/section>\n\t\t\t\t<section class=\"elementor-section elementor-top-section elementor-element elementor-element-9467774 elementor-section-boxed elementor-section-height-default elementor-section-height-default\" data-id=\"9467774\" data-element_type=\"section\">\n\t\t\t\t\t\t<div class=\"elementor-container elementor-column-gap-default\">\n\t\t\t\t\t<div class=\"elementor-column elementor-col-100 elementor-top-column elementor-element elementor-element-bd39975\" data-id=\"bd39975\" data-element_type=\"column\">\n\t\t\t<div class=\"elementor-widget-wrap elementor-element-populated\">\n\t\t\t\t\t\t<div class=\"elementor-element elementor-element-7785f5b elementor-widget elementor-widget-trydo-about\" data-id=\"7785f5b\" data-element_type=\"widget\" data-widget_type=\"trydo-about.default\">\n\t\t\t\t<div class=\"elementor-widget-container\">\n\t\t\t\t\t        <!-- Start About Area  -->\n        <div class=\"about-area pb--120 pt--120\">\n            <div class=\"about-wrapper\">\n                <div class=\"container\">\n                    <div class=\"row row--35 align-items-center\">\n                                                <div class=\"col-lg-5 col-md-12\">\n                            <div class=\"thumbnail\">\n                                                                <img fetchpriority=\"high\" decoding=\"async\" width=\"1400\" height=\"933\" src=\"https:\/\/altelca.com\/wp-content\/uploads\/2023\/06\/webtasarim-ust.webp\" class=\"attachment-full size-full wp-image-8333\" alt=\"\" srcset=\"https:\/\/altelca.com\/wp-content\/uploads\/2023\/06\/webtasarim-ust.webp 1400w, https:\/\/altelca.com\/wp-content\/uploads\/2023\/06\/webtasarim-ust-300x200.webp 300w, https:\/\/altelca.com\/wp-content\/uploads\/2023\/06\/webtasarim-ust-1024x682.webp 1024w, https:\/\/altelca.com\/wp-content\/uploads\/2023\/06\/webtasarim-ust-768x512.webp 768w, https:\/\/altelca.com\/wp-content\/uploads\/2023\/06\/webtasarim-ust-18x12.webp 18w, https:\/\/altelca.com\/wp-content\/uploads\/2023\/06\/webtasarim-ust-650x433.webp 650w\" sizes=\"(max-width: 1400px) 100vw, 1400px\" \/>                            <\/div>\n                        <\/div>\n                                                <div class=\"col-lg-7 col-md-12\">\n                            <div class=\"about-inner inner\">\n                                <div class=\"section-title text-left\">\n                                                            <h2 class=\"title rbt-section-title\"><span>Creative Content.<\/span><\/h2>                            <p>We take care of any modern technology needed to build custom web applications for small and medium businesses. Our talented and dedicated web development team understands the customer's needs and leverages the dynamism of modern programming languages to build web applications.<\/p>\n                                                    <\/div>\n                                <div class=\"row mt--30 mt_sm--10\">\n                                    <div class=\"col-lg-6 col-md-12 col-sm-12 col-12\">\n                                        <div class=\"about-us-list text-left\">\n                                                                                    <\/div>\n                                    <\/div>\n                                    <div class=\"col-lg-6 col-md-12 col-sm-12 col-12\">\n                                        <div class=\"about-us-list text-left\">\n                                                                                    <\/div>\n                                    <\/div>\n                                <\/div>\n                            <\/div>\n                        <\/div>\n                    <\/div>\n                <\/div>\n            <\/div>\n        <\/div>\n        <!-- Start About Area  -->\n        \t\t\t\t<\/div>\n\t\t\t\t<\/div>\n\t\t\t\t\t<\/div>\n\t\t<\/div>\n\t\t\t\t\t<\/div>\n\t\t<\/section>\n\t\t\t\t<section class=\"elementor-section elementor-top-section elementor-element elementor-element-db9618a elementor-section-boxed elementor-section-height-default elementor-section-height-default\" data-id=\"db9618a\" data-element_type=\"section\">\n\t\t\t\t\t\t<div class=\"elementor-container elementor-column-gap-default\">\n\t\t\t\t\t<div class=\"elementor-column elementor-col-25 elementor-top-column elementor-element elementor-element-b390aba\" data-id=\"b390aba\" data-element_type=\"column\">\n\t\t\t<div class=\"elementor-widget-wrap elementor-element-populated\">\n\t\t\t\t\t\t<div class=\"elementor-element elementor-element-cb81421 elementor-widget elementor-widget-trydo-counterup\" data-id=\"cb81421\" data-element_type=\"widget\" data-widget_type=\"trydo-counterup.default\">\n\t\t\t\t<div class=\"elementor-widget-container\">\n\t\t\t\t\t        <div class=\"rn-counterup counterup_style--1 text-center\">\n                            <h5 class=\"counter counter\">100<\/h5>\n                                        <p class=\"description\">Projects<\/p>\n                    <\/div>\n        \t\t\t\t<\/div>\n\t\t\t\t<\/div>\n\t\t\t\t\t<\/div>\n\t\t<\/div>\n\t\t\t\t<div class=\"elementor-column elementor-col-25 elementor-top-column elementor-element elementor-element-9d3a632\" data-id=\"9d3a632\" data-element_type=\"column\">\n\t\t\t<div class=\"elementor-widget-wrap elementor-element-populated\">\n\t\t\t\t\t\t<div class=\"elementor-element elementor-element-aac12d1 elementor-widget elementor-widget-trydo-counterup\" data-id=\"aac12d1\" data-element_type=\"widget\" data-widget_type=\"trydo-counterup.default\">\n\t\t\t\t<div class=\"elementor-widget-container\">\n\t\t\t\t\t        <div class=\"rn-counterup counterup_style--1 text-center\">\n                            <h5 class=\"counter counter\">80<\/h5>\n                                        <p class=\"description\">Customers<\/p>\n                    <\/div>\n        \t\t\t\t<\/div>\n\t\t\t\t<\/div>\n\t\t\t\t\t<\/div>\n\t\t<\/div>\n\t\t\t\t<div class=\"elementor-column elementor-col-25 elementor-top-column elementor-element elementor-element-23e2d3f\" data-id=\"23e2d3f\" data-element_type=\"column\">\n\t\t\t<div class=\"elementor-widget-wrap elementor-element-populated\">\n\t\t\t\t\t\t<div class=\"elementor-element elementor-element-b6d6e9b elementor-widget elementor-widget-trydo-counterup\" data-id=\"b6d6e9b\" data-element_type=\"widget\" data-widget_type=\"trydo-counterup.default\">\n\t\t\t\t<div class=\"elementor-widget-container\">\n\t\t\t\t\t        <div class=\"rn-counterup counterup_style--1 text-center\">\n                            <h5 class=\"counter counter\">8<\/h5>\n                                        <p class=\"description\">Awards<\/p>\n                    <\/div>\n        \t\t\t\t<\/div>\n\t\t\t\t<\/div>\n\t\t\t\t\t<\/div>\n\t\t<\/div>\n\t\t\t\t<div class=\"elementor-column elementor-col-25 elementor-top-column elementor-element elementor-element-7f57a7f\" data-id=\"7f57a7f\" data-element_type=\"column\">\n\t\t\t<div class=\"elementor-widget-wrap elementor-element-populated\">\n\t\t\t\t\t\t<div class=\"elementor-element elementor-element-924df74 elementor-widget elementor-widget-trydo-counterup\" data-id=\"924df74\" data-element_type=\"widget\" data-widget_type=\"trydo-counterup.default\">\n\t\t\t\t<div class=\"elementor-widget-container\">\n\t\t\t\t\t        <div class=\"rn-counterup counterup_style--1 text-center\">\n                            <h5 class=\"counter counter\">50<\/h5>\n                                        <p class=\"description\">R &amp; D  Projects<\/p>\n                    <\/div>\n        \t\t\t\t<\/div>\n\t\t\t\t<\/div>\n\t\t\t\t\t<\/div>\n\t\t<\/div>\n\t\t\t\t\t<\/div>\n\t\t<\/section>\n\t\t\t\t<section class=\"elementor-section elementor-top-section elementor-element elementor-element-e0440a1 elementor-section-boxed elementor-section-height-default elementor-section-height-default\" data-id=\"e0440a1\" data-element_type=\"section\">\n\t\t\t\t\t\t<div class=\"elementor-container elementor-column-gap-default\">\n\t\t\t\t\t<div class=\"elementor-column elementor-col-50 elementor-top-column elementor-element elementor-element-f6c4505\" data-id=\"f6c4505\" data-element_type=\"column\">\n\t\t\t<div class=\"elementor-widget-wrap elementor-element-populated\">\n\t\t\t\t\t\t<div class=\"elementor-element elementor-element-8c92805 elementor-widget elementor-widget-trydo-section-title\" data-id=\"8c92805\" data-element_type=\"widget\" data-widget_type=\"trydo-section-title.default\">\n\t\t\t\t<div class=\"elementor-widget-container\">\n\t\t\t\t\t        <div class=\"section-title mb--20 mb_sm--0 text-left\">\n                                    <h2 class=\"title rbt-section-title\"><span>Our Abilities.<\/span><\/h2>                            <p>With Altelca, we create the best result for you in line with your demands, needs, time and costs, and in this direction, we develop and offer you a special software with ready-made content management systems such as WordPress, TYPO3, Subrion or programming languages such as PHP, Bootstrap, CodeIgniter, MySQL.<\/p>\n                            <\/div>\n        \t\t\t\t<\/div>\n\t\t\t\t<\/div>\n\t\t\t\t\t<\/div>\n\t\t<\/div>\n\t\t\t\t<div class=\"elementor-column elementor-col-50 elementor-top-column elementor-element elementor-element-09a4bee\" data-id=\"09a4bee\" data-element_type=\"column\">\n\t\t\t<div class=\"elementor-widget-wrap elementor-element-populated\">\n\t\t\t\t\t\t<div class=\"elementor-element elementor-element-a76c5ed elementor-widget elementor-widget-image\" data-id=\"a76c5ed\" data-element_type=\"widget\" data-widget_type=\"image.default\">\n\t\t\t\t<div class=\"elementor-widget-container\">\n\t\t\t\t\t\t\t\t\t\t\t\t\t\t\t<img decoding=\"async\" width=\"640\" height=\"427\" src=\"https:\/\/altelca.com\/wp-content\/uploads\/2023\/06\/slider4-1024x683.webp\" class=\"attachment-large size-large wp-image-8053\" alt=\"\" srcset=\"https:\/\/altelca.com\/wp-content\/uploads\/2023\/06\/slider4-1024x683.webp 1024w, https:\/\/altelca.com\/wp-content\/uploads\/2023\/06\/slider4-300x200.webp 300w, https:\/\/altelca.com\/wp-content\/uploads\/2023\/06\/slider4-768x512.webp 768w, https:\/\/altelca.com\/wp-content\/uploads\/2023\/06\/slider4-1536x1024.webp 1536w, https:\/\/altelca.com\/wp-content\/uploads\/2023\/06\/slider4-650x433.webp 650w, https:\/\/altelca.com\/wp-content\/uploads\/2023\/06\/slider4.webp 1920w\" sizes=\"(max-width: 640px) 100vw, 640px\" \/>\t\t\t\t\t\t\t\t\t\t\t\t\t\t\t<\/div>\n\t\t\t\t<\/div>\n\t\t\t\t\t<\/div>\n\t\t<\/div>\n\t\t\t\t\t<\/div>\n\t\t<\/section>\n\t\t\t\t<section class=\"elementor-section elementor-top-section elementor-element elementor-element-bdb506b elementor-section-boxed elementor-section-height-default elementor-section-height-default\" data-id=\"bdb506b\" data-element_type=\"section\">\n\t\t\t\t\t\t<div class=\"elementor-container elementor-column-gap-default\">\n\t\t\t\t\t<div class=\"elementor-column elementor-col-100 elementor-top-column elementor-element elementor-element-6ae3e2a\" data-id=\"6ae3e2a\" data-element_type=\"column\">\n\t\t\t<div class=\"elementor-widget-wrap elementor-element-populated\">\n\t\t\t\t\t\t<div class=\"elementor-element elementor-element-13049b9 elementor-widget elementor-widget-spacer\" data-id=\"13049b9\" data-element_type=\"widget\" data-widget_type=\"spacer.default\">\n\t\t\t\t<div class=\"elementor-widget-container\">\n\t\t\t\t\t\t\t<div class=\"elementor-spacer\">\n\t\t\t<div class=\"elementor-spacer-inner\"><\/div>\n\t\t<\/div>\n\t\t\t\t\t\t<\/div>\n\t\t\t\t<\/div>\n\t\t\t\t\t<\/div>\n\t\t<\/div>\n\t\t\t\t\t<\/div>\n\t\t<\/section>\n\t\t\t\t<section class=\"elementor-section elementor-top-section elementor-element elementor-element-f6d3a1c elementor-section-full_width elementor-section-height-default elementor-section-height-default\" data-id=\"f6d3a1c\" data-element_type=\"section\">\n\t\t\t\t\t\t<div class=\"elementor-container elementor-column-gap-no\">\n\t\t\t\t\t<div class=\"elementor-column elementor-col-100 elementor-top-column elementor-element elementor-element-57a2c3e\" data-id=\"57a2c3e\" data-element_type=\"column\">\n\t\t\t<div class=\"elementor-widget-wrap elementor-element-populated\">\n\t\t\t\t\t\t<div class=\"elementor-element elementor-element-8629158 elementor-widget elementor-widget-trydo-contact\" data-id=\"8629158\" data-element_type=\"widget\" data-widget_type=\"trydo-contact.default\">\n\t\t\t\t<div class=\"elementor-widget-container\">\n\t\t\t\t\t        <!-- Start Contact Area  -->\n        <div class=\"rn-contact-area rn-section-gap bg_color--5\">\n            <div class=\"contact-form--1\">\n                <div class=\"container\">\n                    <div class=\"row row--35 align-items-start\">\n                        <div class=\"col-lg-6 order-2 order-lg-1\">\n                            <div class=\"section-title text-left mb--50 mb_sm--30 mb_md--30\">\n                                                        <h2 class=\"title rbt-section-title\"><span>Get in Touch<\/span><\/h2>                            <p>Let's get your next project up and running quickly.<\/p>\n                                                <\/div>\n\n                            <!-- Start Contact Form -->\n                             <div class=\"form-wrapper\"> \n<div class=\"wpcf7 no-js\" id=\"wpcf7-f212-o1\" lang=\"en-US\" dir=\"ltr\" data-wpcf7-id=\"212\">\n<div class=\"screen-reader-response\"><p role=\"status\" aria-live=\"polite\" aria-atomic=\"true\"><\/p> <ul><\/ul><\/div>\n<form action=\"\/en\/wp-json\/wp\/v2\/pages\/8331#wpcf7-f212-o1\" method=\"post\" class=\"wpcf7-form init\" aria-label=\"Contact form\" novalidate=\"novalidate\" data-status=\"init\" data-trp-original-action=\"\/en\/wp-json\/wp\/v2\/pages\/8331#wpcf7-f212-o1\">\n<fieldset class=\"hidden-fields-container\"><input type=\"hidden\" name=\"_wpcf7\" value=\"212\" \/><input type=\"hidden\" name=\"_wpcf7_version\" value=\"6.1.3\" \/><input type=\"hidden\" name=\"_wpcf7_locale\" value=\"en_US\" \/><input type=\"hidden\" name=\"_wpcf7_unit_tag\" value=\"wpcf7-f212-o1\" \/><input type=\"hidden\" name=\"_wpcf7_container_post\" value=\"0\" \/><input type=\"hidden\" name=\"_wpcf7_posted_data_hash\" value=\"\" \/><input type=\"hidden\" name=\"_wpcf7_recaptcha_response\" value=\"\" \/>\n<\/fieldset>\n<label>\n<span class=\"wpcf7-form-control-wrap\" data-name=\"your-name\"><input size=\"40\" maxlength=\"400\" class=\"wpcf7-form-control wpcf7-text wpcf7-validates-as-required\" aria-required=\"true\" aria-invalid=\"false\" placeholder=\"Name *\" value=\"\" type=\"text\" name=\"your-name\" \/><\/span>\n<\/label>\n\n<label>\n<span class=\"wpcf7-form-control-wrap\" data-name=\"your-email\"><input size=\"40\" maxlength=\"400\" class=\"wpcf7-form-control wpcf7-email wpcf7-validates-as-required wpcf7-text wpcf7-validates-as-email\" aria-required=\"true\" aria-invalid=\"false\" placeholder=\"E-Mail *\" value=\"\" type=\"email\" name=\"your-email\" \/><\/span>\n<\/label>\n\n<label>\n<span class=\"wpcf7-form-control-wrap\" data-name=\"your-subject\"><input size=\"40\" maxlength=\"400\" class=\"wpcf7-form-control wpcf7-text\" aria-invalid=\"false\" placeholder=\"Subject\" value=\"\" type=\"text\" name=\"your-subject\" \/><\/span>\n<\/label>\n<label>\n<span class=\"wpcf7-form-control-wrap\" data-name=\"your-message\"><textarea cols=\"40\" rows=\"10\" maxlength=\"2000\" class=\"wpcf7-form-control wpcf7-textarea\" aria-invalid=\"false\" placeholder=\"Message\" name=\"your-message\"><\/textarea><\/span>\n<\/label>\n<button type=\"submit\" class=\"rn-button-style--2 btn_solid\"> <span>SEND<\/span> <\/button><div class=\"wpcf7-response-output\" aria-hidden=\"true\"><\/div>\n<input type=\"hidden\" name=\"trp-form-language\" value=\"en\"\/><\/form>\n<\/div>\n <\/div>                         <\/div>\n\n                                                    <div class=\"col-lg-6 order-1 order-lg-2\">\n                                                                    <div class=\"thumbnail mb_md--40 mb_sm--40\">\n                                        <img decoding=\"async\" width=\"800\" height=\"845\" src=\"https:\/\/altelca.com\/wp-content\/uploads\/2020\/08\/about-6.jpg\" class=\"elementor-animation-disable-animation attachment-full size-full wp-image-210\" alt=\"about-6\" srcset=\"https:\/\/altelca.com\/wp-content\/uploads\/2020\/08\/about-6.jpg 800w, https:\/\/altelca.com\/wp-content\/uploads\/2020\/08\/about-6-284x300.jpg 284w, https:\/\/altelca.com\/wp-content\/uploads\/2020\/08\/about-6-768x811.jpg 768w\" sizes=\"(max-width: 800px) 100vw, 800px\" \/>                                    <\/div>\n                                                            <\/div>\n                        \n                    <\/div>\n                <\/div>\n            <\/div>\n        <\/div>\n        <!-- End Contact Area  -->\n        \t\t\t\t<\/div>\n\t\t\t\t<\/div>\n\t\t\t\t\t<\/div>\n\t\t<\/div>\n\t\t\t\t\t<\/div>\n\t\t<\/section>\n\t\t\t\t<\/div>","protected":false},"excerpt":{"rendered":"<p>Kreatif \u0130\u00e7erik. K\u00fc\u00e7\u00fck ve orta \u00f6l\u00e7ekli i\u015fletmeler i\u00e7in \u00f6zel web uygulamalar\u0131 olu\u015fturmak i\u00e7in gereken her t\u00fcrl\u00fc modern teknolojiyle ilgileniyoruz. Yetenekli ve kendini i\u015fine adam\u0131\u015f web geli\u015ftirme ekibimiz, m\u00fc\u015fterinin ihtiya\u00e7lar\u0131n\u0131 anlar ve web uygulamalar\u0131 olu\u015fturmak i\u00e7in modern programlama dillerinin dinamizminden yararlan\u0131r. 100 Tamamlanan Proje 80 M\u00fc\u015fteri 8 \u00d6d\u00fcl 50 Ar-Ge Projesi Kabiliyetlerimiz. Altelca ile talepleriniz, ihtiya\u00e7lar\u0131n\u0131z, [&hellip;]<\/p>","protected":false},"author":1,"featured_media":0,"parent":0,"menu_order":0,"comment_status":"closed","ping_status":"closed","template":"elementor_header_footer","meta":{"footnotes":""},"class_list":["post-8331","page","type-page","status-publish","hentry"],"acf":[],"_links":{"self":[{"href":"https:\/\/altelca.com\/en\/wp-json\/wp\/v2\/pages\/8331","targetHints":{"allow":["GET"]}}],"collection":[{"href":"https:\/\/altelca.com\/en\/wp-json\/wp\/v2\/pages"}],"about":[{"href":"https:\/\/altelca.com\/en\/wp-json\/wp\/v2\/types\/page"}],"author":[{"embeddable":true,"href":"https:\/\/altelca.com\/en\/wp-json\/wp\/v2\/users\/1"}],"replies":[{"embeddable":true,"href":"https:\/\/altelca.com\/en\/wp-json\/wp\/v2\/comments?post=8331"}],"version-history":[{"count":30,"href":"https:\/\/altelca.com\/en\/wp-json\/wp\/v2\/pages\/8331\/revisions"}],"predecessor-version":[{"id":8362,"href":"https:\/\/altelca.com\/en\/wp-json\/wp\/v2\/pages\/8331\/revisions\/8362"}],"wp:attachment":[{"href":"https:\/\/altelca.com\/en\/wp-json\/wp\/v2\/media?parent=8331"}],"curies":[{"name":"wp","href":"https:\/\/api.w.org\/{rel}","templated":true}]}}