{"id":8363,"date":"2023-06-18T09:45:29","date_gmt":"2023-06-18T09:45:29","guid":{"rendered":"https:\/\/altelca.com\/?page_id=8363"},"modified":"2023-06-18T10:24:32","modified_gmt":"2023-06-18T10:24:32","slug":"mobil-uygulama","status":"publish","type":"page","link":"https:\/\/altelca.com\/en\/mobile-app\/","title":{"rendered":"Mobile App"},"content":{"rendered":"<div data-elementor-type=\"wp-page\" data-elementor-id=\"8363\" class=\"elementor elementor-8363\">\n\t\t\t\t\t\t<section class=\"elementor-section elementor-top-section elementor-element elementor-element-d786f44 elementor-section-boxed elementor-section-height-default elementor-section-height-default\" data-id=\"d786f44\" data-element_type=\"section\">\n\t\t\t\t\t\t<div class=\"elementor-container elementor-column-gap-default\">\n\t\t\t\t\t<div class=\"elementor-column elementor-col-100 elementor-top-column elementor-element elementor-element-996122f\" data-id=\"996122f\" data-element_type=\"column\">\n\t\t\t<div class=\"elementor-widget-wrap elementor-element-populated\">\n\t\t\t\t\t\t<div class=\"elementor-element elementor-element-1e1ae5b elementor-widget elementor-widget-spacer\" data-id=\"1e1ae5b\" data-element_type=\"widget\" data-widget_type=\"spacer.default\">\n\t\t\t\t<div class=\"elementor-widget-container\">\n\t\t\t\t\t\t\t<div class=\"elementor-spacer\">\n\t\t\t<div class=\"elementor-spacer-inner\"><\/div>\n\t\t<\/div>\n\t\t\t\t\t\t<\/div>\n\t\t\t\t<\/div>\n\t\t\t\t\t<\/div>\n\t\t<\/div>\n\t\t\t\t\t<\/div>\n\t\t<\/section>\n\t\t\t\t<section class=\"elementor-section elementor-top-section elementor-element elementor-element-577ecd1 elementor-section-boxed elementor-section-height-default elementor-section-height-default\" data-id=\"577ecd1\" data-element_type=\"section\">\n\t\t\t\t\t\t<div class=\"elementor-container elementor-column-gap-default\">\n\t\t\t\t\t<div class=\"elementor-column elementor-col-100 elementor-top-column elementor-element elementor-element-e3983b7\" data-id=\"e3983b7\" data-element_type=\"column\">\n\t\t\t<div class=\"elementor-widget-wrap elementor-element-populated\">\n\t\t\t\t\t\t<div class=\"elementor-element elementor-element-44f92d3 elementor-widget elementor-widget-trydo-about\" data-id=\"44f92d3\" data-element_type=\"widget\" data-widget_type=\"trydo-about.default\">\n\t\t\t\t<div class=\"elementor-widget-container\">\n\t\t\t\t\t        <!-- Start About Area  -->\n        <div class=\"about-area pb--120 pt--120\">\n            <div class=\"about-wrapper\">\n                <div class=\"container\">\n                    <div class=\"row row--35 align-items-center\">\n                                                <div class=\"col-lg-5 col-md-12\">\n                            <div class=\"thumbnail\">\n                                                                <img fetchpriority=\"high\" decoding=\"async\" width=\"1152\" height=\"768\" src=\"https:\/\/altelca.com\/wp-content\/uploads\/2023\/06\/mobiluygulama-ust.webp\" class=\"attachment-full size-full wp-image-8365\" alt=\"\" srcset=\"https:\/\/altelca.com\/wp-content\/uploads\/2023\/06\/mobiluygulama-ust.webp 1152w, https:\/\/altelca.com\/wp-content\/uploads\/2023\/06\/mobiluygulama-ust-300x200.webp 300w, https:\/\/altelca.com\/wp-content\/uploads\/2023\/06\/mobiluygulama-ust-1024x683.webp 1024w, https:\/\/altelca.com\/wp-content\/uploads\/2023\/06\/mobiluygulama-ust-768x512.webp 768w, https:\/\/altelca.com\/wp-content\/uploads\/2023\/06\/mobiluygulama-ust-18x12.webp 18w, https:\/\/altelca.com\/wp-content\/uploads\/2023\/06\/mobiluygulama-ust-650x433.webp 650w\" sizes=\"(max-width: 1152px) 100vw, 1152px\" \/>                            <\/div>\n                        <\/div>\n                                                <div class=\"col-lg-7 col-md-12\">\n                            <div class=\"about-inner inner\">\n                                <div class=\"section-title text-left\">\n                                                            <h2 class=\"title rbt-section-title\"><span><\/span><\/h2>                            <p>We produce the fastest and most convenient mobile application solutions for you in iOS and Android projects.<\/p>\n                                                    <\/div>\n                                <div class=\"row mt--30 mt_sm--10\">\n                                    <div class=\"col-lg-6 col-md-12 col-sm-12 col-12\">\n                                        <div class=\"about-us-list text-left\">\n                                                                    <h4 class=\"title rbt-section-title title rbt-section-title\"><span>Security<\/span><\/h4>                            <p>By following technology and global developments; We offer periodic and instant update and security support.<\/p>\n                                                            <\/div>\n                                    <\/div>\n                                    <div class=\"col-lg-6 col-md-12 col-sm-12 col-12\">\n                                        <div class=\"about-us-list text-left\">\n                                                                    <h4 class=\"title rbt-section-title title rbt-section-title title rbt-section-title\"><span>Marketing<\/span><\/h4>                            <p>We provide advertising and SEO studies and consultancy services. We also provide support for mobile application payment channels.<\/p>\n                                                            <\/div>\n                                    <\/div>\n                                <\/div>\n                            <\/div>\n                        <\/div>\n                    <\/div>\n                <\/div>\n            <\/div>\n        <\/div>\n        <!-- Start About Area  -->\n        \t\t\t\t<\/div>\n\t\t\t\t<\/div>\n\t\t\t\t\t<\/div>\n\t\t<\/div>\n\t\t\t\t\t<\/div>\n\t\t<\/section>\n\t\t\t\t<section class=\"elementor-section elementor-top-section elementor-element elementor-element-cc5c242 elementor-section-full_width elementor-section-height-default elementor-section-height-default\" data-id=\"cc5c242\" data-element_type=\"section\">\n\t\t\t\t\t\t<div class=\"elementor-container elementor-column-gap-no\">\n\t\t\t\t\t<div class=\"elementor-column elementor-col-100 elementor-top-column elementor-element elementor-element-4c7b058\" data-id=\"4c7b058\" data-element_type=\"column\">\n\t\t\t<div class=\"elementor-widget-wrap elementor-element-populated\">\n\t\t\t\t\t\t<div class=\"elementor-element elementor-element-6a56902 elementor-widget elementor-widget-trydo-services\" data-id=\"6a56902\" data-element_type=\"widget\" data-widget_type=\"trydo-services.default\">\n\t\t\t\t<div class=\"elementor-widget-container\">\n\t\t\t\t\t        <!-- Start Service Area  -->\n        <div class=\"rn-service-area ptb--80 bg_image bg_image--3 overlay\">\n            <div class=\"container\">\n                <div class=\"row\">\n                                            <div class=\"col-lg-4 col-12\">\n                            <div class=\"section-title mt--30 mt_md--5 mt_sm--5 mb_md--20 mb_sm--20 text-left\">\n                                                            <span class=\"sub-title\">For All Platforms<\/span>\n                        <h2 class=\"title rbt-section-title\"><span>Maximize UI\/UX Experience<\/span><\/h2>                            <p>Maximize profits and grow your business by developing premium mobile products tailored to your market needs, user experience, and vision of your project.<\/p>\n                    \n                                \n                            <\/div>\n                        <\/div>\n                                        <div class=\"col-lg-8 col-12 mt_md--50\">\n                        <div class=\"row service-one-wrapper\">\n\n                                                            <!-- Start Single Service  -->\n                                <div class=\"service-item col-lg-6 col-md-6 col-sm-6 col-12 elementor-repeater-item-f441659\">\n\n                                                                                                                                                            <a href=\"#\"  >\n                                                                                <div class=\"single-service service__style--4 text-white text-left\">\n                                                                                                                                                <div class=\"icon\">\n                                                        <i aria-hidden=\"true\" class=\"fab fa-swift\"><\/i>                                                    <\/div>\n                                                                                                                                                                                        <div class=\"content\">\n                                                                                                            <h3 class=\"title\">Swift<\/h3>                                                                                                                                                                <p>Swift is a powerful and easy-to-use object-oriented programming language created by Apple to develop iOS and Mac apps for iOS and macOS platforms.<\/p>\n                                                                                                    <\/div>\n                                                                                    <\/div>\n                                         <\/a>                                                                     <\/div>\n                                <!-- End Single Service  -->\n                                                            <!-- Start Single Service  -->\n                                <div class=\"service-item col-lg-6 col-md-6 col-sm-6 col-12 elementor-repeater-item-11c0096\">\n\n                                                                                                                                                            <a href=\"#\"  >\n                                                                                <div class=\"single-service service__style--4 text-white text-left\">\n                                                                                                                                                <div class=\"icon\">\n                                                        <i aria-hidden=\"true\" class=\"fab fa-korvue\"><\/i>                                                    <\/div>\n                                                                                                                                                                                        <div class=\"content\">\n                                                                                                            <h3 class=\"title\">Kotlin<\/h3>                                                                                                                                                                <p>Kotlin is a static-type programming language that runs on a Java virtual machine and can also be compiled into JavaScript source code. Initial development was done by JetBrains. <\/p>\n                                                                                                    <\/div>\n                                                                                    <\/div>\n                                         <\/a>                                                                     <\/div>\n                                <!-- End Single Service  -->\n                                                            <!-- Start Single Service  -->\n                                <div class=\"service-item col-lg-6 col-md-6 col-sm-6 col-12 elementor-repeater-item-e238b1b\">\n\n                                                                                                                                                            <a href=\"#\"  >\n                                                                                <div class=\"single-service service__style--4 text-white text-left\">\n                                                                                                                                                <div class=\"icon\">\n                                                        <i aria-hidden=\"true\" class=\"fab fa-react\"><\/i>                                                    <\/div>\n                                                                                                                                                                                        <div class=\"content\">\n                                                                                                            <h3 class=\"title\">React Native<\/h3>                                                                                                                                                                <p>It is a JavaScript-based framework produced by Facebook that enables cross-platform mobile application development.<\/p>\n                                                                                                    <\/div>\n                                                                                    <\/div>\n                                         <\/a>                                                                     <\/div>\n                                <!-- End Single Service  -->\n                                                            <!-- Start Single Service  -->\n                                <div class=\"service-item col-lg-6 col-md-6 col-sm-6 col-12 elementor-repeater-item-2fc34a0\">\n\n                                                                                                                                                            <a href=\"#\"  >\n                                                                                <div class=\"single-service service__style--4 text-white text-left\">\n                                                                                                                                                <div class=\"icon\">\n                                                        <i aria-hidden=\"true\" class=\"rbt feather-gitlab\"><\/i>                                                    <\/div>\n                                                                                                                                                                                        <div class=\"content\">\n                                                                                                            <h3 class=\"title\">Flutter<\/h3>                                                                                                                                                                <p>Flutter is an open source UI development kit created by Google. Applications are developed for Android, iOS, Windows, Mac, Linux and the web.<\/p>\n                                                                                                    <\/div>\n                                                                                    <\/div>\n                                         <\/a>                                                                     <\/div>\n                                <!-- End Single Service  -->\n                            \n                        <\/div>\n                    <\/div>\n                <\/div>\n            <\/div>\n        <\/div>\n        <!-- Start Service Area  -->\n        \t\t\t\t<\/div>\n\t\t\t\t<\/div>\n\t\t\t\t\t<\/div>\n\t\t<\/div>\n\t\t\t\t\t<\/div>\n\t\t<\/section>\n\t\t\t\t<\/div>","protected":false},"excerpt":{"rendered":"<p>iOS ve Android projelerde sizin i\u00e7in en h\u0131zl\u0131 ve uygun mobil uygulama \u00e7\u00f6z\u00fcmleri \u00fcretiyoruz. G\u00fcvenlik Teknolojiyi ve global geli\u015fmeleri takip ederek; periyodik ve anl\u0131k g\u00fcncelleme ve g\u00fcvenlik deste\u011fi sunuyoruz. Marketing Reklam ve SEO \u00e7al\u0131\u015fmalar\u0131 ve dan\u0131\u015fmanl\u0131k hizmeti veriyoruz. Ayr\u0131ca mobil uygulama \u00f6deme kanallar\u0131 deste\u011fi sa\u011fl\u0131yoruz. T\u00fcm Platformlar \u0130\u00e7in Sorunsuz bir kullan\u0131c\u0131 deneyimi. Pazar ihtiya\u00e7lar\u0131n\u0131za, kullan\u0131c\u0131 [&hellip;]<\/p>","protected":false},"author":1,"featured_media":0,"parent":0,"menu_order":0,"comment_status":"closed","ping_status":"closed","template":"elementor_header_footer","meta":{"footnotes":""},"class_list":["post-8363","page","type-page","status-publish","hentry"],"acf":[],"_links":{"self":[{"href":"https:\/\/altelca.com\/en\/wp-json\/wp\/v2\/pages\/8363","targetHints":{"allow":["GET"]}}],"collection":[{"href":"https:\/\/altelca.com\/en\/wp-json\/wp\/v2\/pages"}],"about":[{"href":"https:\/\/altelca.com\/en\/wp-json\/wp\/v2\/types\/page"}],"author":[{"embeddable":true,"href":"https:\/\/altelca.com\/en\/wp-json\/wp\/v2\/users\/1"}],"replies":[{"embeddable":true,"href":"https:\/\/altelca.com\/en\/wp-json\/wp\/v2\/comments?post=8363"}],"version-history":[{"count":17,"href":"https:\/\/altelca.com\/en\/wp-json\/wp\/v2\/pages\/8363\/revisions"}],"predecessor-version":[{"id":8383,"href":"https:\/\/altelca.com\/en\/wp-json\/wp\/v2\/pages\/8363\/revisions\/8383"}],"wp:attachment":[{"href":"https:\/\/altelca.com\/en\/wp-json\/wp\/v2\/media?parent=8363"}],"curies":[{"name":"wp","href":"https:\/\/api.w.org\/{rel}","templated":true}]}}