{"id":8384,"date":"2023-06-18T10:25:52","date_gmt":"2023-06-18T10:25:52","guid":{"rendered":"https:\/\/altelca.com\/?page_id=8384"},"modified":"2023-06-18T11:11:06","modified_gmt":"2023-06-18T11:11:06","slug":"e-ticaret","status":"publish","type":"page","link":"https:\/\/altelca.com\/en\/e-commerce\/","title":{"rendered":"E-Commerce"},"content":{"rendered":"<div data-elementor-type=\"wp-page\" data-elementor-id=\"8384\" class=\"elementor elementor-8384\">\n\t\t\t\t\t\t<section class=\"elementor-section elementor-top-section elementor-element elementor-element-41f1331 elementor-section-boxed elementor-section-height-default elementor-section-height-default\" data-id=\"41f1331\" data-element_type=\"section\">\n\t\t\t\t\t\t<div class=\"elementor-container elementor-column-gap-default\">\n\t\t\t\t\t<div class=\"elementor-column elementor-col-100 elementor-top-column elementor-element elementor-element-1dee3cc\" data-id=\"1dee3cc\" data-element_type=\"column\">\n\t\t\t<div class=\"elementor-widget-wrap elementor-element-populated\">\n\t\t\t\t\t\t<div class=\"elementor-element elementor-element-87f8e53 elementor-widget elementor-widget-spacer\" data-id=\"87f8e53\" data-element_type=\"widget\" data-widget_type=\"spacer.default\">\n\t\t\t\t<div class=\"elementor-widget-container\">\n\t\t\t\t\t\t\t<div class=\"elementor-spacer\">\n\t\t\t<div class=\"elementor-spacer-inner\"><\/div>\n\t\t<\/div>\n\t\t\t\t\t\t<\/div>\n\t\t\t\t<\/div>\n\t\t\t\t\t<\/div>\n\t\t<\/div>\n\t\t\t\t\t<\/div>\n\t\t<\/section>\n\t\t\t\t<section class=\"elementor-section elementor-top-section elementor-element elementor-element-1250105 elementor-section-boxed elementor-section-height-default elementor-section-height-default\" data-id=\"1250105\" data-element_type=\"section\">\n\t\t\t\t\t\t<div class=\"elementor-container elementor-column-gap-default\">\n\t\t\t\t\t<div class=\"elementor-column elementor-col-50 elementor-top-column elementor-element elementor-element-9570795\" data-id=\"9570795\" data-element_type=\"column\">\n\t\t\t<div class=\"elementor-widget-wrap elementor-element-populated\">\n\t\t\t\t\t\t<div class=\"elementor-element elementor-element-364beae elementor-widget elementor-widget-heading\" data-id=\"364beae\" data-element_type=\"widget\" data-widget_type=\"heading.default\">\n\t\t\t\t<div class=\"elementor-widget-container\">\n\t\t\t\t\t<h2 class=\"elementor-heading-title elementor-size-default\">Pinpoint Solutions.<\/h2>\t\t\t\t<\/div>\n\t\t\t\t<\/div>\n\t\t\t\t\t<\/div>\n\t\t<\/div>\n\t\t\t\t<div class=\"elementor-column elementor-col-50 elementor-top-column elementor-element elementor-element-006b68f\" data-id=\"006b68f\" data-element_type=\"column\">\n\t\t\t<div class=\"elementor-widget-wrap elementor-element-populated\">\n\t\t\t\t\t\t<div class=\"elementor-element elementor-element-7ba34d7 elementor-widget elementor-widget-text-editor\" data-id=\"7ba34d7\" data-element_type=\"widget\" data-widget_type=\"text-editor.default\">\n\t\t\t\t<div class=\"elementor-widget-container\">\n\t\t\t\t\t\t\t\t\t<p>With the service of developing special e-commerce packages for different business models, an infrastructure for your needs instead of traditional and ready-made e-commerce systems; We produce a pinpoint solution specially for you, taking into account all performance and security situations.<\/p>\t\t\t\t\t\t\t\t<\/div>\n\t\t\t\t<\/div>\n\t\t\t\t\t<\/div>\n\t\t<\/div>\n\t\t\t\t\t<\/div>\n\t\t<\/section>\n\t\t\t\t<section class=\"elementor-section elementor-top-section elementor-element elementor-element-bcf9918 elementor-section-boxed elementor-section-height-default elementor-section-height-default\" data-id=\"bcf9918\" data-element_type=\"section\">\n\t\t\t\t\t\t<div class=\"elementor-container elementor-column-gap-default\">\n\t\t\t\t\t<div class=\"elementor-column elementor-col-100 elementor-top-column elementor-element elementor-element-80d4d91\" data-id=\"80d4d91\" data-element_type=\"column\">\n\t\t\t<div class=\"elementor-widget-wrap elementor-element-populated\">\n\t\t\t\t\t\t<div class=\"elementor-element elementor-element-5948ac9 elementor-widget elementor-widget-spacer\" data-id=\"5948ac9\" data-element_type=\"widget\" data-widget_type=\"spacer.default\">\n\t\t\t\t<div class=\"elementor-widget-container\">\n\t\t\t\t\t\t\t<div class=\"elementor-spacer\">\n\t\t\t<div class=\"elementor-spacer-inner\"><\/div>\n\t\t<\/div>\n\t\t\t\t\t\t<\/div>\n\t\t\t\t<\/div>\n\t\t\t\t\t<\/div>\n\t\t<\/div>\n\t\t\t\t\t<\/div>\n\t\t<\/section>\n\t\t\t\t<section class=\"elementor-section elementor-top-section elementor-element elementor-element-407399a elementor-section-boxed elementor-section-height-default elementor-section-height-default\" data-id=\"407399a\" data-element_type=\"section\">\n\t\t\t\t\t\t<div class=\"elementor-container elementor-column-gap-default\">\n\t\t\t\t\t<div class=\"elementor-column elementor-col-33 elementor-top-column elementor-element elementor-element-6f1f97a\" data-id=\"6f1f97a\" data-element_type=\"column\">\n\t\t\t<div class=\"elementor-widget-wrap elementor-element-populated\">\n\t\t\t\t\t\t<div class=\"elementor-element elementor-element-ee18843 elementor-widget elementor-widget-heading\" data-id=\"ee18843\" data-element_type=\"widget\" data-widget_type=\"heading.default\">\n\t\t\t\t<div class=\"elementor-widget-container\">\n\t\t\t\t\t<h2 class=\"elementor-heading-title elementor-size-default\">B2C<\/h2>\t\t\t\t<\/div>\n\t\t\t\t<\/div>\n\t\t\t\t<div class=\"elementor-element elementor-element-cb2a5e1 elementor-widget elementor-widget-text-editor\" data-id=\"cb2a5e1\" data-element_type=\"widget\" data-widget_type=\"text-editor.default\">\n\t\t\t\t<div class=\"elementor-widget-container\">\n\t\t\t\t\t\t\t\t\t<span style=\"font-size:15px;\">B2C (Business-to-Consumer) is an acronym for transactions in the retail or commerce industry where a business sells directly to the consumer. For example, a business, such as an e-commerce site or a store, offers products or services to the consumer and the consumer buys them.<\/span>\t\t\t\t\t\t\t\t<\/div>\n\t\t\t\t<\/div>\n\t\t\t\t\t<\/div>\n\t\t<\/div>\n\t\t\t\t<div class=\"elementor-column elementor-col-33 elementor-top-column elementor-element elementor-element-9459562\" data-id=\"9459562\" data-element_type=\"column\">\n\t\t\t<div class=\"elementor-widget-wrap elementor-element-populated\">\n\t\t\t\t\t\t<div class=\"elementor-element elementor-element-e24fd7b elementor-widget elementor-widget-heading\" data-id=\"e24fd7b\" data-element_type=\"widget\" data-widget_type=\"heading.default\">\n\t\t\t\t<div class=\"elementor-widget-container\">\n\t\t\t\t\t<h2 class=\"elementor-heading-title elementor-size-default\">B2B<\/h2>\t\t\t\t<\/div>\n\t\t\t\t<\/div>\n\t\t\t\t<div class=\"elementor-element elementor-element-bb6d5df elementor-widget elementor-widget-text-editor\" data-id=\"bb6d5df\" data-element_type=\"widget\" data-widget_type=\"text-editor.default\">\n\t\t\t\t<div class=\"elementor-widget-container\">\n\t\t\t\t\t\t\t\t\t<p><span style=\"font-size: 15px;\">An acronym for transactions in which one business sells to another business. For example, a manufacturer sells goods to a distributor or a service provider provides services to a customer. B2B transactions can often be more extensive and long-term.<\/span><\/p>\t\t\t\t\t\t\t\t<\/div>\n\t\t\t\t<\/div>\n\t\t\t\t\t<\/div>\n\t\t<\/div>\n\t\t\t\t<div class=\"elementor-column elementor-col-33 elementor-top-column elementor-element elementor-element-197efa9\" data-id=\"197efa9\" data-element_type=\"column\">\n\t\t\t<div class=\"elementor-widget-wrap elementor-element-populated\">\n\t\t\t\t\t\t<div class=\"elementor-element elementor-element-ce5be58 elementor-widget elementor-widget-heading\" data-id=\"ce5be58\" data-element_type=\"widget\" data-widget_type=\"heading.default\">\n\t\t\t\t<div class=\"elementor-widget-container\">\n\t\t\t\t\t<h2 class=\"elementor-heading-title elementor-size-default\">C2C<\/h2>\t\t\t\t<\/div>\n\t\t\t\t<\/div>\n\t\t\t\t<div class=\"elementor-element elementor-element-9b8969b elementor-widget elementor-widget-text-editor\" data-id=\"9b8969b\" data-element_type=\"widget\" data-widget_type=\"text-editor.default\">\n\t\t\t\t<div class=\"elementor-widget-container\">\n\t\t\t\t\t\t\t\t\t<p><span style=\"font-size: 15px;\">It is an abbreviation used for transactions between consumer and consumer. For example, buying and selling a product or service between two people. C2C transactions often take place online, and examples include platforms like eBay.<\/span><\/p>\t\t\t\t\t\t\t\t<\/div>\n\t\t\t\t<\/div>\n\t\t\t\t\t<\/div>\n\t\t<\/div>\n\t\t\t\t\t<\/div>\n\t\t<\/section>\n\t\t\t\t<section class=\"elementor-section elementor-top-section elementor-element elementor-element-5cd8e6d elementor-section-boxed elementor-section-height-default elementor-section-height-default\" data-id=\"5cd8e6d\" data-element_type=\"section\">\n\t\t\t\t\t\t<div class=\"elementor-container elementor-column-gap-default\">\n\t\t\t\t\t<div class=\"elementor-column elementor-col-100 elementor-top-column elementor-element elementor-element-d4c53de\" data-id=\"d4c53de\" data-element_type=\"column\">\n\t\t\t<div class=\"elementor-widget-wrap elementor-element-populated\">\n\t\t\t\t\t\t<div class=\"elementor-element elementor-element-d305d65 elementor-widget elementor-widget-spacer\" data-id=\"d305d65\" data-element_type=\"widget\" data-widget_type=\"spacer.default\">\n\t\t\t\t<div class=\"elementor-widget-container\">\n\t\t\t\t\t\t\t<div class=\"elementor-spacer\">\n\t\t\t<div class=\"elementor-spacer-inner\"><\/div>\n\t\t<\/div>\n\t\t\t\t\t\t<\/div>\n\t\t\t\t<\/div>\n\t\t\t\t\t<\/div>\n\t\t<\/div>\n\t\t\t\t\t<\/div>\n\t\t<\/section>\n\t\t\t\t<section class=\"elementor-section elementor-top-section elementor-element elementor-element-272210b elementor-section-boxed elementor-section-height-default elementor-section-height-default\" data-id=\"272210b\" data-element_type=\"section\">\n\t\t\t\t\t\t<div class=\"elementor-container elementor-column-gap-default\">\n\t\t\t\t\t<div class=\"elementor-column elementor-col-100 elementor-top-column elementor-element elementor-element-e2fac4f\" data-id=\"e2fac4f\" data-element_type=\"column\">\n\t\t\t<div class=\"elementor-widget-wrap elementor-element-populated\">\n\t\t\t\t\t\t<div class=\"elementor-element elementor-element-77e6078 elementor-widget elementor-widget-trydo-main-services\" data-id=\"77e6078\" data-element_type=\"widget\" data-widget_type=\"trydo-main-services.default\">\n\t\t\t\t<div class=\"elementor-widget-container\">\n\t\t\t\t\t        <!-- Start Service Area  -->\n        <div class=\"rn-service-area rn-section-gap bg_color--1 service-area--2\">\n            <div class=\"container\">\n                                    <div class=\"row\">\n                        <div class=\"col-lg-12 mb--20 mb_sm--0\">\n                            <div class=\"section-title section-title--2 text-center\">\n                                                        <h2 class=\"title rbt-section-title\"><span>Key Features<\/span><\/h2>                            <p>Forget traditional e-commerce solutions.\nWe produce innovative and point-to-point solutions for your needs.<\/p>\n                    \n                                                            <\/div>\n                        <\/div>\n                    <\/div>\n                                                    <div class=\"row\">\n                                                    <div class=\"service-item mt--30 col-lg-4 col-md-6 col-sm-6 col-12 elementor-repeater-item-048d3ca\">\n                                                                <div class=\"single-service service__style--2 bg-color-gray\">\n\n                                                                    <a href=\"#\"  >\n                                                                    <div class=\"service\">\n                                                                                                                                    <div class=\"icon\">\n                                                    <i aria-hidden=\"true\" class=\"rbt feather-airplay\"><\/i>                                                <\/div>\n                                                                                                                                                                        <div class=\"content\">\n                                                                                                    <h3 class=\"title\">Responsive<\/h3>                                                                                                                                                    <p>It works smoothly on all platforms such as phone, computer, tablet.<\/p>\n                                                \n\n\n                                            <\/div>\n                                                                            <\/div>\n                                 <\/a>                             <\/div>\n                            <\/div>\n                                                    <div class=\"service-item mt--30 col-lg-4 col-md-6 col-sm-6 col-12 elementor-repeater-item-8404670\">\n                                                                <div class=\"single-service service__style--2 bg-color-gray\">\n\n                                                                    <a href=\"#\"  >\n                                                                    <div class=\"service\">\n                                                                                                                                    <div class=\"icon\">\n                                                    <i aria-hidden=\"true\" class=\"rbt feather-credit-card\"><\/i>                                                <\/div>\n                                                                                                                                                                        <div class=\"content\">\n                                                                                                    <h3 class=\"title\">Online Payment<\/h3>                                                                                                                                                    <p>Get instant payments from all over the world with credit cards with virtual pos.<\/p>\n                                                \n\n\n                                            <\/div>\n                                                                            <\/div>\n                                 <\/a>                             <\/div>\n                            <\/div>\n                                                    <div class=\"service-item mt--30 col-lg-4 col-md-6 col-sm-6 col-12 elementor-repeater-item-13215d6\">\n                                                                <div class=\"single-service service__style--2 bg-color-gray\">\n\n                                                                    <a href=\"#\"  >\n                                                                    <div class=\"service\">\n                                                                                                                                    <div class=\"icon\">\n                                                    <i aria-hidden=\"true\" class=\"rbt feather-shield\"><\/i>                                                <\/div>\n                                                                                                                                                                        <div class=\"content\">\n                                                                                                    <h3 class=\"title\">Secure<\/h3>                                                                                                                                                    <p>All your data is encrypted with 256-bit encryption type and SSL. <\/p>\n                                                \n\n\n                                            <\/div>\n                                                                            <\/div>\n                                 <\/a>                             <\/div>\n                            <\/div>\n                                            <\/div>\n                            <\/div>\n        <\/div>\n        <!-- Start Service Area  -->\n        \t\t\t\t<\/div>\n\t\t\t\t<\/div>\n\t\t\t\t\t<\/div>\n\t\t<\/div>\n\t\t\t\t\t<\/div>\n\t\t<\/section>\n\t\t\t\t<\/div>","protected":false},"excerpt":{"rendered":"<p>Nokta At\u0131\u015f\u0131 \u00c7\u00f6z\u00fcmler. Farkl\u0131 i\u015f modelleri i\u00e7in \u00f6zel e-ticaret paketleri geli\u015ftirme hizmeti ile geleneksel ve haz\u0131r e-ticaret sistemleri yerine ihtiyac\u0131n\u0131za y\u00f6nelik bir altyap\u0131y\u0131; t\u00fcm performans, g\u00fcvenlik durumlar\u0131n\u0131 g\u00f6z \u00f6n\u00fcne alarak nokta at\u0131\u015f\u0131 bir \u00e7\u00f6z\u00fcm\u00fc size \u00f6zel olarak \u00fcretiriz. B2C B2C (Business-to-Consumer), perakendecilik veya ticaret sekt\u00f6r\u00fcnde bir i\u015fletmenin t\u00fcketiciye do\u011frudan sat\u0131\u015f yapt\u0131\u011f\u0131 i\u015flemler i\u00e7in kullan\u0131lan bir [&hellip;]<\/p>","protected":false},"author":1,"featured_media":0,"parent":0,"menu_order":0,"comment_status":"closed","ping_status":"closed","template":"elementor_header_footer","meta":{"footnotes":""},"class_list":["post-8384","page","type-page","status-publish","hentry"],"acf":[],"_links":{"self":[{"href":"https:\/\/altelca.com\/en\/wp-json\/wp\/v2\/pages\/8384","targetHints":{"allow":["GET"]}}],"collection":[{"href":"https:\/\/altelca.com\/en\/wp-json\/wp\/v2\/pages"}],"about":[{"href":"https:\/\/altelca.com\/en\/wp-json\/wp\/v2\/types\/page"}],"author":[{"embeddable":true,"href":"https:\/\/altelca.com\/en\/wp-json\/wp\/v2\/users\/1"}],"replies":[{"embeddable":true,"href":"https:\/\/altelca.com\/en\/wp-json\/wp\/v2\/comments?post=8384"}],"version-history":[{"count":7,"href":"https:\/\/altelca.com\/en\/wp-json\/wp\/v2\/pages\/8384\/revisions"}],"predecessor-version":[{"id":8393,"href":"https:\/\/altelca.com\/en\/wp-json\/wp\/v2\/pages\/8384\/revisions\/8393"}],"wp:attachment":[{"href":"https:\/\/altelca.com\/en\/wp-json\/wp\/v2\/media?parent=8384"}],"curies":[{"name":"wp","href":"https:\/\/api.w.org\/{rel}","templated":true}]}}