{"id":8394,"date":"2023-06-18T11:11:36","date_gmt":"2023-06-18T11:11:36","guid":{"rendered":"https:\/\/altelca.com\/?page_id=8394"},"modified":"2023-06-20T11:47:25","modified_gmt":"2023-06-20T11:47:25","slug":"sunucu-hosting","status":"publish","type":"page","link":"https:\/\/altelca.com\/en\/server-hosting\/","title":{"rendered":"Server &amp; Hosting"},"content":{"rendered":"<div data-elementor-type=\"wp-page\" data-elementor-id=\"8394\" class=\"elementor elementor-8394\">\n\t\t\t\t\t\t<section class=\"elementor-section elementor-top-section elementor-element elementor-element-1c2f902 elementor-section-boxed elementor-section-height-default elementor-section-height-default\" data-id=\"1c2f902\" data-element_type=\"section\">\n\t\t\t\t\t\t<div class=\"elementor-container elementor-column-gap-default\">\n\t\t\t\t\t<div class=\"elementor-column elementor-col-100 elementor-top-column elementor-element elementor-element-d400530\" data-id=\"d400530\" data-element_type=\"column\">\n\t\t\t<div class=\"elementor-widget-wrap elementor-element-populated\">\n\t\t\t\t\t\t<div class=\"elementor-element elementor-element-31d92b1 elementor-widget elementor-widget-trydo-about\" data-id=\"31d92b1\" data-element_type=\"widget\" data-widget_type=\"trydo-about.default\">\n\t\t\t\t<div class=\"elementor-widget-container\">\n\t\t\t\t\t        <!-- Start About Area  -->\n        <div class=\"about-area pb--120 about-position-top\">\n            <div class=\"about-wrapper\">\n                <div class=\"container\">\n                    <div class=\"row row--35 align-items-center\">\n                                                <div class=\"col-lg-5 col-md-12\">\n                            <div class=\"thumbnail\">\n                                                                <img fetchpriority=\"high\" decoding=\"async\" width=\"1640\" height=\"856\" src=\"https:\/\/altelca.com\/wp-content\/uploads\/2023\/06\/altelca-hosting.png\" class=\"attachment-full size-full wp-image-8403\" alt=\"\" srcset=\"https:\/\/altelca.com\/wp-content\/uploads\/2023\/06\/altelca-hosting.png 1640w, https:\/\/altelca.com\/wp-content\/uploads\/2023\/06\/altelca-hosting-300x157.png 300w, https:\/\/altelca.com\/wp-content\/uploads\/2023\/06\/altelca-hosting-1024x534.png 1024w, https:\/\/altelca.com\/wp-content\/uploads\/2023\/06\/altelca-hosting-768x401.png 768w, https:\/\/altelca.com\/wp-content\/uploads\/2023\/06\/altelca-hosting-1536x802.png 1536w, https:\/\/altelca.com\/wp-content\/uploads\/2023\/06\/altelca-hosting-18x9.png 18w\" sizes=\"(max-width: 1640px) 100vw, 1640px\" \/>                            <\/div>\n                        <\/div>\n                                                <div class=\"col-lg-7 col-md-12\">\n                            <div class=\"about-inner inner\">\n                                <div class=\"section-title text-left\">\n                                                            <h2 class=\"title rbt-section-title\"><span><\/span><\/h2>                            <p>We offer all of our servers to you through our own network infrastructure in Germany and Turkey, through a fast and reliable access network. In addition to services such as server and hosting, you can also provide additional services such as server management by our professional team. For detailed information, you can visit https:\/\/altelcahosting.com.<\/p>\n                                                    <\/div>\n                                <div class=\"row mt--30 mt_sm--10\">\n                                    <div class=\"col-lg-6 col-md-12 col-sm-12 col-12\">\n                                        <div class=\"about-us-list text-left\">\n                                                                                    <\/div>\n                                    <\/div>\n                                    <div class=\"col-lg-6 col-md-12 col-sm-12 col-12\">\n                                        <div class=\"about-us-list text-left\">\n                                                                                    <\/div>\n                                    <\/div>\n                                <\/div>\n                            <\/div>\n                        <\/div>\n                    <\/div>\n                <\/div>\n            <\/div>\n        <\/div>\n        <!-- Start About Area  -->\n        \t\t\t\t<\/div>\n\t\t\t\t<\/div>\n\t\t\t\t\t<\/div>\n\t\t<\/div>\n\t\t\t\t\t<\/div>\n\t\t<\/section>\n\t\t\t\t<section class=\"elementor-section elementor-top-section elementor-element elementor-element-73f6339 elementor-section-boxed elementor-section-height-default elementor-section-height-default\" data-id=\"73f6339\" data-element_type=\"section\">\n\t\t\t\t\t\t<div class=\"elementor-container elementor-column-gap-default\">\n\t\t\t\t\t<div class=\"elementor-column elementor-col-100 elementor-top-column elementor-element elementor-element-e050724\" data-id=\"e050724\" data-element_type=\"column\">\n\t\t\t<div class=\"elementor-widget-wrap elementor-element-populated\">\n\t\t\t\t\t\t<div class=\"elementor-element elementor-element-6093a4a elementor-widget elementor-widget-trydo-main-services\" data-id=\"6093a4a\" data-element_type=\"widget\" data-widget_type=\"trydo-main-services.default\">\n\t\t\t\t<div class=\"elementor-widget-container\">\n\t\t\t\t\t        <!-- Start Service Area  -->\n        <div class=\"rn-service-area rn-section-gap bg_color--1 service-area--2\">\n            <div class=\"container\">\n                                    <div class=\"row\">\n                        <div class=\"col-lg-12 mb--20 mb_sm--0\">\n                            <div class=\"section-title section-title--2 text-center\">\n                                                        <h2 class=\"title rbt-section-title\"><span>What Does Altelca Hosting Offer You?<\/span><\/h2>                            <p>We listen to our customers and produce solutions that fit your needs.<\/p>\n                    \n                                                            <\/div>\n                        <\/div>\n                    <\/div>\n                                                    <div class=\"row\">\n                                                    <div class=\"service-item mt--30 col-lg-4 col-md-6 col-sm-6 col-12 elementor-repeater-item-f92d85c\">\n                                                                <div class=\"single-service service__style--2 bg-color-gray text-center\">\n\n                                                                    <a href=\"#\"  >\n                                                                    <div class=\"service\">\n                                                                                                                                    <div class=\"icon\">\n                                                    <i aria-hidden=\"true\" class=\"rbt feather-folder\"><\/i>                                                <\/div>\n                                                                                                                                                                        <div class=\"content\">\n                                                                                                    <h3 class=\"title\">Web Hosting<\/h3>                                                                                                                                                    <p>Discover performance and economical hosting services with SSD disk servers, free backup.<\/p>\n                                                \n\n\n                                            <\/div>\n                                                                            <\/div>\n                                 <\/a>                             <\/div>\n                            <\/div>\n                                                    <div class=\"service-item mt--30 col-lg-4 col-md-6 col-sm-6 col-12 elementor-repeater-item-59386dd\">\n                                                                <div class=\"single-service service__style--2 bg-color-gray text-center\">\n\n                                                                    <a href=\"#\"  >\n                                                                    <div class=\"service\">\n                                                                                                                                    <div class=\"icon\">\n                                                    <i aria-hidden=\"true\" class=\"rbt feather-layers\"><\/i>                                                <\/div>\n                                                                                                                                                                        <div class=\"content\">\n                                                                                                    <h3 class=\"title\">Virtual Server<\/h3>                                                                                                                                                    <p>99.9% uptime guarantee is given in Virtual Server services that we offer with high-end hardware.<\/p>\n                                                \n\n\n                                            <\/div>\n                                                                            <\/div>\n                                 <\/a>                             <\/div>\n                            <\/div>\n                                                    <div class=\"service-item mt--30 col-lg-4 col-md-6 col-sm-6 col-12 elementor-repeater-item-9f49df4\">\n                                                                <div class=\"single-service service__style--2 bg-color-gray text-center\">\n\n                                                                    <a href=\"#\"  >\n                                                                    <div class=\"service\">\n                                                                                                                                    <div class=\"icon\">\n                                                    <i aria-hidden=\"true\" class=\"rbt feather-server\"><\/i>                                                <\/div>\n                                                                                                                                                                        <div class=\"content\">\n                                                                                                    <h3 class=\"title\">Dedicated Server<\/h3>                                                                                                                                                    <p>Discover the future with tier 4 standards with 8 locations and 11 data centers in America, Europe and Asia.<\/p>\n                                                \n\n\n                                            <\/div>\n                                                                            <\/div>\n                                 <\/a>                             <\/div>\n                            <\/div>\n                                                    <div class=\"service-item mt--30 col-lg-4 col-md-6 col-sm-6 col-12 elementor-repeater-item-d5ca092\">\n                                                                <div class=\"single-service service__style--2 bg-color-gray text-center\">\n\n                                                                    <a href=\"#\"  >\n                                                                    <div class=\"service\">\n                                                                                                                                    <div class=\"icon\">\n                                                    <i aria-hidden=\"true\" class=\"rbt feather-search\"><\/i>                                                <\/div>\n                                                                                                                                                                        <div class=\"content\">\n                                                                                                    <h3 class=\"title\">Domain<\/h3>                                                                                                                                                    <p>Register your dream domain name today with over 250 domain extensions. <\/p>\n                                                \n\n\n                                            <\/div>\n                                                                            <\/div>\n                                 <\/a>                             <\/div>\n                            <\/div>\n                                                    <div class=\"service-item mt--30 col-lg-4 col-md-6 col-sm-6 col-12 elementor-repeater-item-d2efb53\">\n                                                                <div class=\"single-service service__style--2 bg-color-gray text-center\">\n\n                                                                    <a href=\"#\"  >\n                                                                    <div class=\"service\">\n                                                                                                                                    <div class=\"icon\">\n                                                    <i aria-hidden=\"true\" class=\"fas fa-barcode\"><\/i>                                                <\/div>\n                                                                                                                                                                        <div class=\"content\">\n                                                                                                    <h3 class=\"title\">Licence<\/h3>                                                                                                                                                    <p>Purchase licenses of all software from server security to management.<\/p>\n                                                \n\n\n                                            <\/div>\n                                                                            <\/div>\n                                 <\/a>                             <\/div>\n                            <\/div>\n                                                    <div class=\"service-item mt--30 col-lg-4 col-md-6 col-sm-6 col-12 elementor-repeater-item-7346ea8\">\n                                                                <div class=\"single-service service__style--2 bg-color-gray text-center\">\n\n                                                                    <a href=\"#\"  >\n                                                                    <div class=\"service\">\n                                                                                                                                    <div class=\"icon\">\n                                                    <i aria-hidden=\"true\" class=\"rbt feather-settings\"><\/i>                                                <\/div>\n                                                                                                                                                                        <div class=\"content\">\n                                                                                                    <h3 class=\"title\">Server Managing<\/h3>                                                                                                                                                    <p>We monitor and provide necessary actions against possible threats.<\/p>\n                                                \n\n\n                                            <\/div>\n                                                                            <\/div>\n                                 <\/a>                             <\/div>\n                            <\/div>\n                                            <\/div>\n                            <\/div>\n        <\/div>\n        <!-- Start Service Area  -->\n        \t\t\t\t<\/div>\n\t\t\t\t<\/div>\n\t\t\t\t\t<\/div>\n\t\t<\/div>\n\t\t\t\t\t<\/div>\n\t\t<\/section>\n\t\t\t\t<section class=\"elementor-section elementor-top-section elementor-element elementor-element-7daa0f4 elementor-section-boxed elementor-section-height-default elementor-section-height-default\" data-id=\"7daa0f4\" data-element_type=\"section\">\n\t\t\t\t\t\t<div class=\"elementor-container elementor-column-gap-default\">\n\t\t\t\t\t<div class=\"elementor-column elementor-col-50 elementor-top-column elementor-element elementor-element-94f138a\" data-id=\"94f138a\" data-element_type=\"column\">\n\t\t\t<div class=\"elementor-widget-wrap elementor-element-populated\">\n\t\t\t\t\t\t<div class=\"elementor-element elementor-element-0e324e0 elementor-widget elementor-widget-trydo-section-title\" data-id=\"0e324e0\" data-element_type=\"widget\" data-widget_type=\"trydo-section-title.default\">\n\t\t\t\t<div class=\"elementor-widget-container\">\n\t\t\t\t\t        <div class=\"section-title mb--20 mb_sm--0 text-center\">\n                                    <h2 class=\"title rbt-section-title\"><span><\/span><\/h2>                            <p>Are you ready to discover the future today with the Altelca difference?<\/p>\n                            <\/div>\n        \t\t\t\t<\/div>\n\t\t\t\t<\/div>\n\t\t\t\t\t<\/div>\n\t\t<\/div>\n\t\t\t\t<div class=\"elementor-column elementor-col-50 elementor-top-column elementor-element elementor-element-07ec3ba\" data-id=\"07ec3ba\" data-element_type=\"column\">\n\t\t\t<div class=\"elementor-widget-wrap elementor-element-populated\">\n\t\t\t\t\t\t<div class=\"elementor-element elementor-element-ef27f2a elementor-widget elementor-widget-trydo-button\" data-id=\"ef27f2a\" data-element_type=\"widget\" data-widget_type=\"trydo-button.default\">\n\t\t\t\t<div class=\"elementor-widget-container\">\n\t\t\t\t\t                    <div class=\"\">\n                <a href=\"https:\/\/altelcahosting.com\" class=\"rbt-button  rn-button-style--2 btn_solid btn-large btn-theme\"><span class=\"button-text\">View<\/span><\/a>            <\/div>\n                \t\t\t\t<\/div>\n\t\t\t\t<\/div>\n\t\t\t\t\t<\/div>\n\t\t<\/div>\n\t\t\t\t\t<\/div>\n\t\t<\/section>\n\t\t\t\t<\/div>","protected":false},"excerpt":{"rendered":"<p>T\u00fcm sunucular\u0131m\u0131z\u0131 Almanya ve T\u00fcrkiye&#8217;deki kendi network altyap\u0131m\u0131z ile h\u0131zl\u0131 ve g\u00fcvenilir eri\u015fim a\u011f\u0131 \u00fczerinden sizlerin hizmetine sunuyoruz. Sunucu, hosting gibi hizmetlerin yan\u0131nda profesyonel ekibimiz taraf\u0131ndan sunucu y\u00f6netimi gibi ek hizmetleri de temin edebilirsiniz. Detayl\u0131 bilgi i\u00e7in https:\/\/altelcahosting.com adresini ziyaret edebilirsiniz. Altelca Hosting Size Neler Sunar? M\u00fc\u015fterilerimizi dinleyerek ihtiya\u00e7lar\u0131n\u0131za uygun \u00e7\u00f6z\u00fcmler \u00fcretiyoruz. Web Hosting SSD [&hellip;]<\/p>","protected":false},"author":1,"featured_media":0,"parent":0,"menu_order":0,"comment_status":"closed","ping_status":"closed","template":"","meta":{"footnotes":""},"class_list":["post-8394","page","type-page","status-publish","hentry"],"acf":[],"_links":{"self":[{"href":"https:\/\/altelca.com\/en\/wp-json\/wp\/v2\/pages\/8394","targetHints":{"allow":["GET"]}}],"collection":[{"href":"https:\/\/altelca.com\/en\/wp-json\/wp\/v2\/pages"}],"about":[{"href":"https:\/\/altelca.com\/en\/wp-json\/wp\/v2\/types\/page"}],"author":[{"embeddable":true,"href":"https:\/\/altelca.com\/en\/wp-json\/wp\/v2\/users\/1"}],"replies":[{"embeddable":true,"href":"https:\/\/altelca.com\/en\/wp-json\/wp\/v2\/comments?post=8394"}],"version-history":[{"count":16,"href":"https:\/\/altelca.com\/en\/wp-json\/wp\/v2\/pages\/8394\/revisions"}],"predecessor-version":[{"id":8433,"href":"https:\/\/altelca.com\/en\/wp-json\/wp\/v2\/pages\/8394\/revisions\/8433"}],"wp:attachment":[{"href":"https:\/\/altelca.com\/en\/wp-json\/wp\/v2\/media?parent=8394"}],"curies":[{"name":"wp","href":"https:\/\/api.w.org\/{rel}","templated":true}]}}