{"id":8418,"date":"2023-06-20T00:06:31","date_gmt":"2023-06-20T00:06:31","guid":{"rendered":"https:\/\/altelca.com\/?page_id=8418"},"modified":"2023-06-20T11:39:41","modified_gmt":"2023-06-20T11:39:41","slug":"altelca-havacilik","status":"publish","type":"page","link":"https:\/\/altelca.com\/en\/altelca-aviation\/","title":{"rendered":"Altelca Havac\u0131l\u0131k"},"content":{"rendered":"<div data-elementor-type=\"wp-page\" data-elementor-id=\"8418\" class=\"elementor elementor-8418\">\n\t\t\t\t\t\t<section class=\"elementor-section elementor-top-section elementor-element elementor-element-8e5883a elementor-section-boxed elementor-section-height-default elementor-section-height-default\" data-id=\"8e5883a\" data-element_type=\"section\">\n\t\t\t\t\t\t<div class=\"elementor-container elementor-column-gap-default\">\n\t\t\t\t\t<div class=\"elementor-column elementor-col-100 elementor-top-column elementor-element elementor-element-9ba41d8\" data-id=\"9ba41d8\" data-element_type=\"column\">\n\t\t\t<div class=\"elementor-widget-wrap elementor-element-populated\">\n\t\t\t\t\t\t<div class=\"elementor-element elementor-element-be2f3b8 elementor-widget elementor-widget-trydo-about\" data-id=\"be2f3b8\" data-element_type=\"widget\" data-widget_type=\"trydo-about.default\">\n\t\t\t\t<div class=\"elementor-widget-container\">\n\t\t\t\t\t        <!-- Start About Area  -->\n        <div class=\"about-area pb--120 about-position-top\">\n            <div class=\"about-wrapper\">\n                <div class=\"container\">\n                    <div class=\"row row--35 align-items-center\">\n                                                <div class=\"col-lg-5 col-md-12\">\n                            <div class=\"thumbnail\">\n                                                                <img fetchpriority=\"high\" decoding=\"async\" width=\"1640\" height=\"856\" src=\"https:\/\/altelca.com\/wp-content\/uploads\/2023\/06\/altelca-aviation.png\" class=\"attachment-full size-full wp-image-8423\" alt=\"\" srcset=\"https:\/\/altelca.com\/wp-content\/uploads\/2023\/06\/altelca-aviation.png 1640w, https:\/\/altelca.com\/wp-content\/uploads\/2023\/06\/altelca-aviation-300x157.png 300w, https:\/\/altelca.com\/wp-content\/uploads\/2023\/06\/altelca-aviation-1024x534.png 1024w, https:\/\/altelca.com\/wp-content\/uploads\/2023\/06\/altelca-aviation-768x401.png 768w, https:\/\/altelca.com\/wp-content\/uploads\/2023\/06\/altelca-aviation-1536x802.png 1536w, https:\/\/altelca.com\/wp-content\/uploads\/2023\/06\/altelca-aviation-18x9.png 18w\" sizes=\"(max-width: 1640px) 100vw, 1640px\" \/>                            <\/div>\n                        <\/div>\n                                                <div class=\"col-lg-7 col-md-12\">\n                            <div class=\"about-inner inner\">\n                                <div class=\"section-title text-left\">\n                                                            <h2 class=\"title rbt-section-title\"><span><\/span><\/h2>                            <p>We develop fully functional Boeing 737, Cessna 172 simulators, either motion or fixed, on 2,3,4,6 axis for your needs. We also produce EFB tablets with ground proximity warning and radar system for general aviation.\nFor detailed information, you can follow https:\/\/altelcaaviation.com.<\/p>\n                                                    <\/div>\n                                <div class=\"row mt--30 mt_sm--10\">\n                                    <div class=\"col-lg-6 col-md-12 col-sm-12 col-12\">\n                                        <div class=\"about-us-list text-left\">\n                                                                                    <\/div>\n                                    <\/div>\n                                    <div class=\"col-lg-6 col-md-12 col-sm-12 col-12\">\n                                        <div class=\"about-us-list text-left\">\n                                                                                    <\/div>\n                                    <\/div>\n                                <\/div>\n                            <\/div>\n                        <\/div>\n                    <\/div>\n                <\/div>\n            <\/div>\n        <\/div>\n        <!-- Start About Area  -->\n        \t\t\t\t<\/div>\n\t\t\t\t<\/div>\n\t\t\t\t\t<\/div>\n\t\t<\/div>\n\t\t\t\t\t<\/div>\n\t\t<\/section>\n\t\t\t\t<\/div>","protected":false},"excerpt":{"rendered":"<p>\u0130htiyac\u0131n\u0131za y\u00f6nelik 2,3,4,6 eksende hareketli veya sabit olmak \u00fczere tam fonksiyonel Boeing 737, Cessna 172 sim\u00fclat\u00f6rleri geli\u015ftiriyoruz. Ayr\u0131ca genel havac\u0131l\u0131k alan\u0131nda yer yak\u0131nl\u0131k ikaz\u0131, radar sistemi olan EFB tabletler \u00fcretiyoruz. Detayl\u0131 bilgi i\u00e7in https:\/\/altelcaaviation.com adresini takip edebilirsiniz.<\/p>","protected":false},"author":1,"featured_media":0,"parent":0,"menu_order":0,"comment_status":"closed","ping_status":"closed","template":"elementor_header_footer","meta":{"footnotes":""},"class_list":["post-8418","page","type-page","status-publish","hentry"],"acf":[],"_links":{"self":[{"href":"https:\/\/altelca.com\/en\/wp-json\/wp\/v2\/pages\/8418","targetHints":{"allow":["GET"]}}],"collection":[{"href":"https:\/\/altelca.com\/en\/wp-json\/wp\/v2\/pages"}],"about":[{"href":"https:\/\/altelca.com\/en\/wp-json\/wp\/v2\/types\/page"}],"author":[{"embeddable":true,"href":"https:\/\/altelca.com\/en\/wp-json\/wp\/v2\/users\/1"}],"replies":[{"embeddable":true,"href":"https:\/\/altelca.com\/en\/wp-json\/wp\/v2\/comments?post=8418"}],"version-history":[{"count":11,"href":"https:\/\/altelca.com\/en\/wp-json\/wp\/v2\/pages\/8418\/revisions"}],"predecessor-version":[{"id":8505,"href":"https:\/\/altelca.com\/en\/wp-json\/wp\/v2\/pages\/8418\/revisions\/8505"}],"wp:attachment":[{"href":"https:\/\/altelca.com\/en\/wp-json\/wp\/v2\/media?parent=8418"}],"curies":[{"name":"wp","href":"https:\/\/api.w.org\/{rel}","templated":true}]}}